{"id":64822,"date":"2025-10-13T15:38:42","date_gmt":"2025-10-13T13:38:42","guid":{"rendered":"https:\/\/www.fleurop-home.ch\/de-ch\/p\/schuessel-mangoholz-20x20cm"},"modified":"2026-01-05T14:03:40","modified_gmt":"2026-01-05T13:03:40","slug":"bol-en-bois-de-mangue-20x20cm","status":"publish","type":"product","link":"https:\/\/www.fleurop-home.ch\/fr-ch\/p\/schuessel-mangoholz-20x20cm","title":{"rendered":"Bol, bois de manguier, 20x20cm"},"content":{"rendered":"<p>Un bol intemporel et sans pr\u00e9tention en bois de manguier de haute qualit\u00e9. Il est super comme coupe \u00e0 fruits pour conserver les fruits et les l\u00e9gumes ou comme saladier.<\/p>\n<p>- Id\u00e9al pour les fruits, les l\u00e9gumes ou les salades<br \/>\n- En bois de manguier robuste et facile \u00e0 entretenir<br \/>\n- Convient pour les aliments<br \/>\n- Laver uniquement \u00e0 la main<br \/>\n- Diam\u00e8tre 19,5 cm<\/p>","protected":false},"excerpt":{"rendered":"<p>Coupe \u00e0 fruits \/ coupe en bois de manguier, 10 cm x \u00d8 19.5 cm<\/p>","protected":false},"featured_media":64821,"template":"","meta":[],"product_brand":[],"product_cat":[1102,42,1101,43],"product_tag":[324],"woo-feed-brand":[],"class_list":{"0":"post-64822","1":"product","2":"type-product","3":"status-publish","4":"has-post-thumbnail","6":"product_cat-essen","7":"product_cat-kueche","8":"product_cat-geschirr","9":"product_cat-gedeckter-tisch","10":"product_tag-marein-ag","12":"first","13":"instock","14":"taxable","15":"shipping-taxable","16":"purchasable","17":"product-type-simple"},"_links":{"self":[{"href":"https:\/\/www.fleurop-home.ch\/fr-ch\/wp-json\/wp\/v2\/product\/64822","targetHints":{"allow":["GET"]}}],"collection":[{"href":"https:\/\/www.fleurop-home.ch\/fr-ch\/wp-json\/wp\/v2\/product"}],"about":[{"href":"https:\/\/www.fleurop-home.ch\/fr-ch\/wp-json\/wp\/v2\/types\/product"}],"wp:featuredmedia":[{"embeddable":true,"href":"https:\/\/www.fleurop-home.ch\/fr-ch\/wp-json\/wp\/v2\/media\/64821"}],"wp:attachment":[{"href":"https:\/\/www.fleurop-home.ch\/fr-ch\/wp-json\/wp\/v2\/media?parent=64822"}],"wp:term":[{"taxonomy":"product_brand","embeddable":true,"href":"https:\/\/www.fleurop-home.ch\/fr-ch\/wp-json\/wp\/v2\/product_brand?post=64822"},{"taxonomy":"product_cat","embeddable":true,"href":"https:\/\/www.fleurop-home.ch\/fr-ch\/wp-json\/wp\/v2\/product_cat?post=64822"},{"taxonomy":"product_tag","embeddable":true,"href":"https:\/\/www.fleurop-home.ch\/fr-ch\/wp-json\/wp\/v2\/product_tag?post=64822"},{"taxonomy":"woo-feed-brand","embeddable":true,"href":"https:\/\/www.fleurop-home.ch\/fr-ch\/wp-json\/wp\/v2\/woo-feed-brand?post=64822"}],"curies":[{"name":"wp","href":"https:\/\/api.w.org\/{rel}","templated":true}]}}