{"id":64779,"date":"2025-10-13T15:32:34","date_gmt":"2025-10-13T13:32:34","guid":{"rendered":"https:\/\/www.fleurop-home.ch\/de-ch\/p\/tischtuch-grau-140x180cm"},"modified":"2026-03-18T13:37:35","modified_gmt":"2026-03-18T12:37:35","slug":"nappe-grise-140x180cm","status":"publish","type":"product","link":"https:\/\/www.fleurop-home.ch\/fr-ch\/p\/tischtuch-grau-140x180cm","title":{"rendered":"Nappe, gris, 140x180cm"},"content":{"rendered":"<p>Cette nappe est \u00e0 la fois fonctionnelle et d\u00e9corative, et son style simple lui conf\u00e8re un look \u00e9l\u00e9gant mais naturel.<\/p>\n<p>- Nappe en coton 100% gris clair<br \/>\n- 140 x 180 cm, id\u00e9al pour les petites tables<br \/>\n- Tissu super doux avec un fin motif tiss\u00e9 \u00e0 chevrons<br \/>\n- Teinture de haute qualit\u00e9 qui ne se d\u00e9colore pas m\u00eame apr\u00e8s de nombreux lavages<br \/>\n- Lavable \u00e0 40 degr\u00e9s<br \/>\n- Prot\u00e8ge la table contre les rayures et les salissures<br \/>\n- Serviettes en tissu assorties disponibles<\/p>","protected":false},"excerpt":{"rendered":"<p>Nappe gris clair \/ nappe en coton bio 100 % avec motif tiss\u00e9 \u00e0 chevrons, 140 x 180 cm<\/p>","protected":false},"featured_media":64778,"template":"","meta":[],"product_brand":[],"product_cat":[1099,1019,1018,984,994,909,1179,911,42,1098],"product_tag":[324],"woo-feed-brand":[],"class_list":{"0":"post-64779","1":"product","2":"type-product","3":"status-publish","4":"has-post-thumbnail","6":"product_cat-tischtextilien","7":"product_cat-osterbrunch","8":"product_cat-ostern","9":"product_cat-silvester","10":"product_cat-silvestertisch","11":"product_cat-weihnachten","12":"product_cat-weihnachtsdeko","13":"product_cat-accessoires","14":"product_cat-kueche","15":"product_cat-textilien","16":"product_tag-marein-ag","18":"first","19":"instock","20":"taxable","21":"shipping-taxable","22":"purchasable","23":"product-type-simple"},"_links":{"self":[{"href":"https:\/\/www.fleurop-home.ch\/fr-ch\/wp-json\/wp\/v2\/product\/64779","targetHints":{"allow":["GET"]}}],"collection":[{"href":"https:\/\/www.fleurop-home.ch\/fr-ch\/wp-json\/wp\/v2\/product"}],"about":[{"href":"https:\/\/www.fleurop-home.ch\/fr-ch\/wp-json\/wp\/v2\/types\/product"}],"wp:featuredmedia":[{"embeddable":true,"href":"https:\/\/www.fleurop-home.ch\/fr-ch\/wp-json\/wp\/v2\/media\/64778"}],"wp:attachment":[{"href":"https:\/\/www.fleurop-home.ch\/fr-ch\/wp-json\/wp\/v2\/media?parent=64779"}],"wp:term":[{"taxonomy":"product_brand","embeddable":true,"href":"https:\/\/www.fleurop-home.ch\/fr-ch\/wp-json\/wp\/v2\/product_brand?post=64779"},{"taxonomy":"product_cat","embeddable":true,"href":"https:\/\/www.fleurop-home.ch\/fr-ch\/wp-json\/wp\/v2\/product_cat?post=64779"},{"taxonomy":"product_tag","embeddable":true,"href":"https:\/\/www.fleurop-home.ch\/fr-ch\/wp-json\/wp\/v2\/product_tag?post=64779"},{"taxonomy":"woo-feed-brand","embeddable":true,"href":"https:\/\/www.fleurop-home.ch\/fr-ch\/wp-json\/wp\/v2\/woo-feed-brand?post=64779"}],"curies":[{"name":"wp","href":"https:\/\/api.w.org\/{rel}","templated":true}]}}