{"id":64764,"date":"2025-10-13T15:31:54","date_gmt":"2025-10-13T13:31:54","guid":{"rendered":"https:\/\/www.fleurop-home.ch\/de-ch\/p\/grosses-rundes-holzbrett-mit-griff-in-schwarz-o-38-cm"},"modified":"2026-01-05T14:03:43","modified_gmt":"2026-01-05T13:03:43","slug":"grande-planche-ronde-en-bois-avec-poignee-en-noir-o-38-cm","status":"publish","type":"product","link":"https:\/\/www.fleurop-home.ch\/fr-ch\/p\/grosses-rundes-holzbrett-mit-griff-in-schwarz-o-38-cm","title":{"rendered":"Grande planche ronde en bois avec poign\u00e9e en noir, \u00d8 38 cm"},"content":{"rendered":"<p>Notre planche ronde en bois noir peut \u00eatre utilis\u00e9e de diff\u00e9rentes mani\u00e8res. Id\u00e9ale pour l'ap\u00e9ritif, pour pr\u00e9parer des plats ou comme assiette d\u00e9corative, elle est cr\u00e9\u00e9e en bois de manguier robuste et facile \u00e0 entretenir.<\/p>\n<p>- Planche ronde en bois, id\u00e9ale pour servir ou pr\u00e9parer les aliments<br \/>\n- En bois de manguier robuste et facile \u00e0 entretenir, avec du fil de jute pour l'accrocher<br \/>\n- Convient pour les aliments<br \/>\n- Laver uniquement \u00e0 la main<\/p>","protected":false},"excerpt":{"rendered":"<p>Notre planche ronde en bois noir peut \u00eatre utilis\u00e9e de diff\u00e9rentes mani\u00e8res. Id\u00e9ale pour l'ap\u00e9ritif, pour pr\u00e9parer des plats ou comme assiette d\u00e9corative, elle est cr\u00e9\u00e9e en bois de manguier robuste et facile \u00e0 entretenir.<\/p>","protected":false},"featured_media":64763,"template":"","meta":[],"product_brand":[],"product_cat":[1108,984,994,42,1104,43,44],"product_tag":[324],"woo-feed-brand":[],"class_list":{"0":"post-64764","1":"product","2":"type-product","3":"status-publish","4":"has-post-thumbnail","6":"product_cat-tabletts","7":"product_cat-silvester","8":"product_cat-silvestertisch","9":"product_cat-kueche","10":"product_cat-tischakzente","11":"product_cat-gedeckter-tisch","12":"product_cat-kuechenhelfer","13":"product_tag-marein-ag","15":"first","16":"instock","17":"taxable","18":"shipping-taxable","19":"purchasable","20":"product-type-simple"},"_links":{"self":[{"href":"https:\/\/www.fleurop-home.ch\/fr-ch\/wp-json\/wp\/v2\/product\/64764","targetHints":{"allow":["GET"]}}],"collection":[{"href":"https:\/\/www.fleurop-home.ch\/fr-ch\/wp-json\/wp\/v2\/product"}],"about":[{"href":"https:\/\/www.fleurop-home.ch\/fr-ch\/wp-json\/wp\/v2\/types\/product"}],"wp:featuredmedia":[{"embeddable":true,"href":"https:\/\/www.fleurop-home.ch\/fr-ch\/wp-json\/wp\/v2\/media\/64763"}],"wp:attachment":[{"href":"https:\/\/www.fleurop-home.ch\/fr-ch\/wp-json\/wp\/v2\/media?parent=64764"}],"wp:term":[{"taxonomy":"product_brand","embeddable":true,"href":"https:\/\/www.fleurop-home.ch\/fr-ch\/wp-json\/wp\/v2\/product_brand?post=64764"},{"taxonomy":"product_cat","embeddable":true,"href":"https:\/\/www.fleurop-home.ch\/fr-ch\/wp-json\/wp\/v2\/product_cat?post=64764"},{"taxonomy":"product_tag","embeddable":true,"href":"https:\/\/www.fleurop-home.ch\/fr-ch\/wp-json\/wp\/v2\/product_tag?post=64764"},{"taxonomy":"woo-feed-brand","embeddable":true,"href":"https:\/\/www.fleurop-home.ch\/fr-ch\/wp-json\/wp\/v2\/woo-feed-brand?post=64764"}],"curies":[{"name":"wp","href":"https:\/\/api.w.org\/{rel}","templated":true}]}}