{"id":64755,"date":"2025-10-13T15:31:38","date_gmt":"2025-10-13T13:31:38","guid":{"rendered":"https:\/\/www.fleurop-home.ch\/de-ch\/p\/akazienholzbrett-45-x-19-cm"},"modified":"2026-04-01T15:02:18","modified_gmt":"2026-04-01T13:02:18","slug":"planche-en-acacia-45-x-19-cm","status":"publish","type":"product","link":"https:\/\/www.fleurop-home.ch\/fr-ch\/p\/akazienholzbrett-45-x-19-cm","title":{"rendered":"Planche en acacia, 45 x 19 cm"},"content":{"rendered":"<p>D\u00e9couvre notre charmante planche ovale en bois d'acacia avec une poign\u00e9e pratique ! Parfait pour servir ou pr\u00e9parer des plats. Fabriqu\u00e9e en bois d'acacia robuste et facile \u00e0 entretenir, elle convient aux aliments et se lave facilement \u00e0 la main. Avec ses dimensions de 45 cm x 19 cm, cette planche n'est pas seulement fonctionnelle, elle est aussi un accessoire \u00e9l\u00e9gant pour ta cuisine.<\/p>\n<p>- Petite planche en bois, id\u00e9ale pour servir ou pr\u00e9parer des plats<br \/>\n- En bois d'acacia robuste et facile \u00e0 entretenir<br \/>\n- Convient pour les aliments<br \/>\n- Rincer \u00e0 la main<br \/>\n- Dimensions : L 45 x l 19 x H 1,6 cm<\/p>","protected":false},"excerpt":{"rendered":"<p>Planche en bois ovale \/ planche \u00e0 d\u00e9couper en acacia avec poign\u00e9e, 45 cm x 19 cm<\/p>","protected":false},"featured_media":64754,"template":"","meta":[],"product_brand":[],"product_cat":[44,1022,797,1019,1018,984,994,42,1108,1104,43],"product_tag":[324],"woo-feed-brand":[],"class_list":{"0":"post-64755","1":"product","2":"type-product","3":"status-publish","4":"has-post-thumbnail","6":"product_cat-kuechenhelfer","7":"product_cat-brunch","8":"product_cat-muttertag","9":"product_cat-osterbrunch","10":"product_cat-ostern","11":"product_cat-silvester","12":"product_cat-silvestertisch","13":"product_cat-kueche","14":"product_cat-tabletts","15":"product_cat-tischakzente","16":"product_cat-gedeckter-tisch","17":"product_tag-marein-ag","19":"first","20":"instock","21":"featured","22":"taxable","23":"shipping-taxable","24":"purchasable","25":"product-type-simple"},"_links":{"self":[{"href":"https:\/\/www.fleurop-home.ch\/fr-ch\/wp-json\/wp\/v2\/product\/64755","targetHints":{"allow":["GET"]}}],"collection":[{"href":"https:\/\/www.fleurop-home.ch\/fr-ch\/wp-json\/wp\/v2\/product"}],"about":[{"href":"https:\/\/www.fleurop-home.ch\/fr-ch\/wp-json\/wp\/v2\/types\/product"}],"wp:featuredmedia":[{"embeddable":true,"href":"https:\/\/www.fleurop-home.ch\/fr-ch\/wp-json\/wp\/v2\/media\/64754"}],"wp:attachment":[{"href":"https:\/\/www.fleurop-home.ch\/fr-ch\/wp-json\/wp\/v2\/media?parent=64755"}],"wp:term":[{"taxonomy":"product_brand","embeddable":true,"href":"https:\/\/www.fleurop-home.ch\/fr-ch\/wp-json\/wp\/v2\/product_brand?post=64755"},{"taxonomy":"product_cat","embeddable":true,"href":"https:\/\/www.fleurop-home.ch\/fr-ch\/wp-json\/wp\/v2\/product_cat?post=64755"},{"taxonomy":"product_tag","embeddable":true,"href":"https:\/\/www.fleurop-home.ch\/fr-ch\/wp-json\/wp\/v2\/product_tag?post=64755"},{"taxonomy":"woo-feed-brand","embeddable":true,"href":"https:\/\/www.fleurop-home.ch\/fr-ch\/wp-json\/wp\/v2\/woo-feed-brand?post=64755"}],"curies":[{"name":"wp","href":"https:\/\/api.w.org\/{rel}","templated":true}]}}