{"id":64742,"date":"2025-10-13T15:31:14","date_gmt":"2025-10-13T13:31:14","guid":{"rendered":"https:\/\/www.fleurop-home.ch\/de-ch\/p\/7-tlg-set-keramik-matcha-tee-kit-japanisches-te"},"modified":"2026-04-07T11:12:32","modified_gmt":"2026-04-07T09:12:32","slug":"kit-de-the-matcha-en-ceramique-7-pcs","status":"publish","type":"product","link":"https:\/\/www.fleurop-home.ch\/fr-ch\/p\/keramik-matcha-tee-kit-7-tlg-set","title":{"rendered":"Kit de th\u00e9 Matcha en c\u00e9ramique (set de 7 pi\u00e8ces)"},"content":{"rendered":"<p>Aimes-tu boire du th\u00e9 matcha fra\u00eechement pr\u00e9par\u00e9 ?<br \/>\nAlors commande d\u00e8s aujourd'hui cet accessoire traditionnel de la c\u00e9r\u00e9monie du th\u00e9 japonais pour un th\u00e9 matcha r\u00e9ussi ! Le fouet Chasen est fabriqu\u00e9 en bambou de haute qualit\u00e9 et est agr\u00e9able \u00e0 tenir en main. Verse 1 g de poudre de matcha dans la c\u00e9ramique verte, tamise-la dans le bol et verse environ 100 ml d'eau chaude \u00e0 80\u00baC. Battre ensuite le th\u00e9 \u00e0 l'aide du balai jusqu'\u00e0 ce qu'il commence \u00e0 mousser et devienne cr\u00e9meux. Savoure ta boisson chaude en combinaison avec une c\u00e9r\u00e9monie du th\u00e9 japonaise.<\/p>\n<p>Apr\u00e8s utilisation, tu peux facilement poser le balai sur le support pratique en c\u00e9ramique.<\/p>\n<p>- Couleur : vert\/marron\/noir<br \/>\n- Mat\u00e9riau : c\u00e9ramique\/bambou\/m\u00e9tal\/plastique\/tissu<br \/>\n- Poids total : environ 920 g<br \/>\n- Cet ensemble comprend<br \/>\n1 x Chasen fouet environ 10,5 x 5,5 cm<br \/>\n1 x bol \u00e0 matcha d'environ \u00d8 12,5 x 7,5 cm<br \/>\n1 x cuill\u00e8re \u00e0 matcha d'environ 17,5 cm<br \/>\n1 x support pour chasen environ 7 x 6 cm<br \/>\n1 x support pour cuill\u00e8re environ 10 x 3 cm<br \/>\n1 x passoire d'environ 8,5 x 16 cm<br \/>\n1 x chiffon en microfibre d'environ 29,5 x 17 cm<\/p>","protected":false},"excerpt":{"rendered":"<p>C\u00e9ramique Kit de th\u00e9 Matcha Accessoires de c\u00e9r\u00e9monie du th\u00e9 japonais - Vert, set de 7 pi\u00e8ces<\/p>","protected":false},"featured_media":65986,"template":"","meta":[],"product_brand":[],"product_cat":[1103,984,993,42,1101,956,43,885,52,1225,53],"product_tag":[324],"woo-feed-brand":[],"class_list":{"0":"post-64742","1":"product","2":"type-product","3":"status-publish","4":"has-post-thumbnail","6":"product_cat-trinken","7":"product_cat-silvester","8":"product_cat-silvestergeschenke","9":"product_cat-kueche","10":"product_cat-geschirr","11":"product_cat-tee","12":"product_cat-gedeckter-tisch","13":"product_cat-koestlichkeiten","14":"product_cat-geschenke","15":"product_cat-genuss","16":"product_cat-geschenksets","17":"product_tag-marein-ag","19":"first","20":"instock","21":"taxable","22":"shipping-taxable","23":"purchasable","24":"product-type-simple"},"_links":{"self":[{"href":"https:\/\/www.fleurop-home.ch\/fr-ch\/wp-json\/wp\/v2\/product\/64742","targetHints":{"allow":["GET"]}}],"collection":[{"href":"https:\/\/www.fleurop-home.ch\/fr-ch\/wp-json\/wp\/v2\/product"}],"about":[{"href":"https:\/\/www.fleurop-home.ch\/fr-ch\/wp-json\/wp\/v2\/types\/product"}],"wp:featuredmedia":[{"embeddable":true,"href":"https:\/\/www.fleurop-home.ch\/fr-ch\/wp-json\/wp\/v2\/media\/65986"}],"wp:attachment":[{"href":"https:\/\/www.fleurop-home.ch\/fr-ch\/wp-json\/wp\/v2\/media?parent=64742"}],"wp:term":[{"taxonomy":"product_brand","embeddable":true,"href":"https:\/\/www.fleurop-home.ch\/fr-ch\/wp-json\/wp\/v2\/product_brand?post=64742"},{"taxonomy":"product_cat","embeddable":true,"href":"https:\/\/www.fleurop-home.ch\/fr-ch\/wp-json\/wp\/v2\/product_cat?post=64742"},{"taxonomy":"product_tag","embeddable":true,"href":"https:\/\/www.fleurop-home.ch\/fr-ch\/wp-json\/wp\/v2\/product_tag?post=64742"},{"taxonomy":"woo-feed-brand","embeddable":true,"href":"https:\/\/www.fleurop-home.ch\/fr-ch\/wp-json\/wp\/v2\/woo-feed-brand?post=64742"}],"curies":[{"name":"wp","href":"https:\/\/api.w.org\/{rel}","templated":true}]}}