{"id":64726,"date":"2025-10-13T15:30:46","date_gmt":"2025-10-13T13:30:46","guid":{"rendered":"https:\/\/www.fleurop-home.ch\/de-ch\/p\/macchiatotasse-blau-grau"},"modified":"2026-03-18T13:37:35","modified_gmt":"2026-03-18T12:37:35","slug":"tasse-macchiato-bleue-grise","status":"publish","type":"product","link":"https:\/\/www.fleurop-home.ch\/fr-ch\/p\/macchiatotasse-blau-grau","title":{"rendered":"Tasse macchiato, bleu-gris"},"content":{"rendered":"<p>Savoure ton macchiato avec style gr\u00e2ce \u00e0 notre tasse \u00e0 macchiato \u00e9maill\u00e9e \u00e0 la main en fa\u00efence incassable de couleur bleu-gris. Cette tasse n'est pas seulement un point fort visuel, elle est aussi pratique et fonctionnelle.<\/p>\n<p>Avec une capacit\u00e9 de 330 ml, elle offre suffisamment de place pour ton caf\u00e9 pr\u00e9f\u00e9r\u00e9. La tasse est compatible avec les aliments et passe au lave-vaisselle, ce qui rend le nettoyage facile.<\/p>\n<p>- Tasse macchiato en fa\u00efence incassable<br \/>\n- Convient pour les aliments et passe au lave-vaisselle<br \/>\n- Contient 330 ml<br \/>\n- Dimensions : hauteur 12,5 cm x diam\u00e8tre 9 cm<br \/>\n- Les tasses \u00e0 espresso assorties sont disponibles s\u00e9par\u00e9ment<\/p>","protected":false},"excerpt":{"rendered":"<p>Tasse \u00e9maill\u00e9e \u00e0 la main en fa\u00efence \/ tasse \u00e0 macchiato en bleu-gris, 330 ml, H 12.5 cm x \u00d8 9 cm<\/p>","protected":false},"featured_media":66974,"template":"","meta":[],"product_brand":[],"product_cat":[1103,1019,1018,42,1101,43],"product_tag":[324],"woo-feed-brand":[],"class_list":{"0":"post-64726","1":"product","2":"type-product","3":"status-publish","4":"has-post-thumbnail","6":"product_cat-trinken","7":"product_cat-osterbrunch","8":"product_cat-ostern","9":"product_cat-kueche","10":"product_cat-geschirr","11":"product_cat-gedeckter-tisch","12":"product_tag-marein-ag","14":"first","15":"instock","16":"taxable","17":"shipping-taxable","18":"purchasable","19":"product-type-simple"},"_links":{"self":[{"href":"https:\/\/www.fleurop-home.ch\/fr-ch\/wp-json\/wp\/v2\/product\/64726","targetHints":{"allow":["GET"]}}],"collection":[{"href":"https:\/\/www.fleurop-home.ch\/fr-ch\/wp-json\/wp\/v2\/product"}],"about":[{"href":"https:\/\/www.fleurop-home.ch\/fr-ch\/wp-json\/wp\/v2\/types\/product"}],"wp:featuredmedia":[{"embeddable":true,"href":"https:\/\/www.fleurop-home.ch\/fr-ch\/wp-json\/wp\/v2\/media\/66974"}],"wp:attachment":[{"href":"https:\/\/www.fleurop-home.ch\/fr-ch\/wp-json\/wp\/v2\/media?parent=64726"}],"wp:term":[{"taxonomy":"product_brand","embeddable":true,"href":"https:\/\/www.fleurop-home.ch\/fr-ch\/wp-json\/wp\/v2\/product_brand?post=64726"},{"taxonomy":"product_cat","embeddable":true,"href":"https:\/\/www.fleurop-home.ch\/fr-ch\/wp-json\/wp\/v2\/product_cat?post=64726"},{"taxonomy":"product_tag","embeddable":true,"href":"https:\/\/www.fleurop-home.ch\/fr-ch\/wp-json\/wp\/v2\/product_tag?post=64726"},{"taxonomy":"woo-feed-brand","embeddable":true,"href":"https:\/\/www.fleurop-home.ch\/fr-ch\/wp-json\/wp\/v2\/woo-feed-brand?post=64726"}],"curies":[{"name":"wp","href":"https:\/\/api.w.org\/{rel}","templated":true}]}}