{"id":64700,"date":"2025-10-13T15:30:02","date_gmt":"2025-10-13T13:30:02","guid":{"rendered":"https:\/\/www.fleurop-home.ch\/de-ch\/p\/250ml-doppelwandiges-cappuccino-glas-kaffee-cup-tee-tasse-transparent"},"modified":"2026-04-01T15:02:18","modified_gmt":"2026-04-01T13:02:18","slug":"verre-a-the-a-double-paroi-cappuccino-verre-250ml","status":"publish","type":"product","link":"https:\/\/www.fleurop-home.ch\/fr-ch\/p\/doppelwandiges-teeglas-cappuccino-glas-250ml","title":{"rendered":"Verre \u00e0 th\u00e9 \u00e0 double paroi \/ verre \u00e0 cappuccino, 250ml"},"content":{"rendered":"<p>Commande d\u00e8s maintenant ce gobelet \u00e0 caf\u00e9 styl\u00e9 avec une double paroi. Le design du verre attire vraiment l'attention, que ce soit pour le caf\u00e9, le cappuccino, le th\u00e9 ou les boissons froides \u00e0 base de lait. La tasse r\u00e9siste \u00e0 des temp\u00e9ratures de -20 - 150 \u00baC et est \u00e9galement une id\u00e9e de cadeau id\u00e9ale pour les anniversaires, No\u00ebl, etc.<\/p>\n<p>- R\u00e9siste \u00e0 des temp\u00e9ratures de -20 \u00e0 150 \u00baC<br \/>\n- Peut \u00eatre nettoy\u00e9 au lave-vaisselle<br \/>\n- Couleur : Transparent<br \/>\n- Motif : double paroi<br \/>\n- Mat\u00e9riel : verre<br \/>\n- Taille : environ \u00d8 8 x 9 cm<br \/>\n- Contenance : environ 250 ml<br \/>\n- Poids : environ 128 g<\/p>","protected":false},"excerpt":{"rendered":"<p>(250ml) Verre \u00e0 cappuccino \u00e0 double paroi Coupe \u00e0 caf\u00e9 Tasse \u00e0 th\u00e9 - Transparent<\/p>","protected":false},"featured_media":65942,"template":"","meta":[],"product_brand":[],"product_cat":[1103,1022,797,1019,1018,42,1101,43],"product_tag":[324],"woo-feed-brand":[],"class_list":{"0":"post-64700","1":"product","2":"type-product","3":"status-publish","4":"has-post-thumbnail","6":"product_cat-trinken","7":"product_cat-brunch","8":"product_cat-muttertag","9":"product_cat-osterbrunch","10":"product_cat-ostern","11":"product_cat-kueche","12":"product_cat-geschirr","13":"product_cat-gedeckter-tisch","14":"product_tag-marein-ag","16":"first","17":"instock","18":"taxable","19":"shipping-taxable","20":"purchasable","21":"product-type-simple"},"_links":{"self":[{"href":"https:\/\/www.fleurop-home.ch\/fr-ch\/wp-json\/wp\/v2\/product\/64700","targetHints":{"allow":["GET"]}}],"collection":[{"href":"https:\/\/www.fleurop-home.ch\/fr-ch\/wp-json\/wp\/v2\/product"}],"about":[{"href":"https:\/\/www.fleurop-home.ch\/fr-ch\/wp-json\/wp\/v2\/types\/product"}],"wp:featuredmedia":[{"embeddable":true,"href":"https:\/\/www.fleurop-home.ch\/fr-ch\/wp-json\/wp\/v2\/media\/65942"}],"wp:attachment":[{"href":"https:\/\/www.fleurop-home.ch\/fr-ch\/wp-json\/wp\/v2\/media?parent=64700"}],"wp:term":[{"taxonomy":"product_brand","embeddable":true,"href":"https:\/\/www.fleurop-home.ch\/fr-ch\/wp-json\/wp\/v2\/product_brand?post=64700"},{"taxonomy":"product_cat","embeddable":true,"href":"https:\/\/www.fleurop-home.ch\/fr-ch\/wp-json\/wp\/v2\/product_cat?post=64700"},{"taxonomy":"product_tag","embeddable":true,"href":"https:\/\/www.fleurop-home.ch\/fr-ch\/wp-json\/wp\/v2\/product_tag?post=64700"},{"taxonomy":"woo-feed-brand","embeddable":true,"href":"https:\/\/www.fleurop-home.ch\/fr-ch\/wp-json\/wp\/v2\/woo-feed-brand?post=64700"}],"curies":[{"name":"wp","href":"https:\/\/api.w.org\/{rel}","templated":true}]}}