{"id":64695,"date":"2025-10-13T15:29:55","date_gmt":"2025-10-13T13:29:55","guid":{"rendered":"https:\/\/www.fleurop-home.ch\/de-ch\/p\/4er-set-350ml-doppelwandiges-cappuccino-glas-kaf"},"modified":"2026-04-01T15:02:19","modified_gmt":"2026-04-01T13:02:19","slug":"verre-a-double-paroi-cappuccino-tasse-a-cafe-4-pcs","status":"publish","type":"product","link":"https:\/\/www.fleurop-home.ch\/fr-ch\/p\/doppelwandiges-cappuccino-glas-kaffee-cup-4-stk","title":{"rendered":"Verre \u00e0 cappuccino \u00e0 double paroi Coupe \u00e0 caf\u00e9, 4. pcs"},"content":{"rendered":"<p>Commande d\u00e8s maintenant ce set de 4 tasses \u00e0 caf\u00e9 styl\u00e9es avec une double paroi. Le design des verres attire vraiment l'attention, que ce soit pour le caf\u00e9, le cappuccino ou les boissons lact\u00e9es. L'eyecatcher est en outre une id\u00e9e de cadeau id\u00e9ale pour les anniversaires, No\u00ebl, etc.<\/p>\n<p>- Couleur : Transparent<br \/>\n- Motif : double paroi<br \/>\n- Mat\u00e9riel : verre<br \/>\n- Taille : environ 11,5 x 8,5 cm<br \/>\n- Poids : environ 162 g<br \/>\n- Contenance : environ 350 ml<br \/>\n- Ne passe pas au lave-vaisselle<\/p>","protected":false},"excerpt":{"rendered":"<p>Verre \u00e0 cappuccino \u00e0 double paroi Coupe \u00e0 caf\u00e9, 350ml, 4 pcs.<\/p>","protected":false},"featured_media":65936,"template":"","meta":[],"product_brand":[],"product_cat":[1103,1022,797,1019,1018,42,1101,43],"product_tag":[324],"woo-feed-brand":[],"class_list":{"0":"post-64695","1":"product","2":"type-product","3":"status-publish","4":"has-post-thumbnail","6":"product_cat-trinken","7":"product_cat-brunch","8":"product_cat-muttertag","9":"product_cat-osterbrunch","10":"product_cat-ostern","11":"product_cat-kueche","12":"product_cat-geschirr","13":"product_cat-gedeckter-tisch","14":"product_tag-marein-ag","16":"first","17":"instock","18":"taxable","19":"shipping-taxable","20":"purchasable","21":"product-type-simple"},"_links":{"self":[{"href":"https:\/\/www.fleurop-home.ch\/fr-ch\/wp-json\/wp\/v2\/product\/64695","targetHints":{"allow":["GET"]}}],"collection":[{"href":"https:\/\/www.fleurop-home.ch\/fr-ch\/wp-json\/wp\/v2\/product"}],"about":[{"href":"https:\/\/www.fleurop-home.ch\/fr-ch\/wp-json\/wp\/v2\/types\/product"}],"wp:featuredmedia":[{"embeddable":true,"href":"https:\/\/www.fleurop-home.ch\/fr-ch\/wp-json\/wp\/v2\/media\/65936"}],"wp:attachment":[{"href":"https:\/\/www.fleurop-home.ch\/fr-ch\/wp-json\/wp\/v2\/media?parent=64695"}],"wp:term":[{"taxonomy":"product_brand","embeddable":true,"href":"https:\/\/www.fleurop-home.ch\/fr-ch\/wp-json\/wp\/v2\/product_brand?post=64695"},{"taxonomy":"product_cat","embeddable":true,"href":"https:\/\/www.fleurop-home.ch\/fr-ch\/wp-json\/wp\/v2\/product_cat?post=64695"},{"taxonomy":"product_tag","embeddable":true,"href":"https:\/\/www.fleurop-home.ch\/fr-ch\/wp-json\/wp\/v2\/product_tag?post=64695"},{"taxonomy":"woo-feed-brand","embeddable":true,"href":"https:\/\/www.fleurop-home.ch\/fr-ch\/wp-json\/wp\/v2\/woo-feed-brand?post=64695"}],"curies":[{"name":"wp","href":"https:\/\/api.w.org\/{rel}","templated":true}]}}