{"id":64680,"date":"2025-10-13T15:29:33","date_gmt":"2025-10-13T13:29:33","guid":{"rendered":"https:\/\/www.fleurop-home.ch\/de-ch\/p\/kindergeschirrset-sienna"},"modified":"2026-02-12T11:40:24","modified_gmt":"2026-02-12T10:40:24","slug":"set-de-vaisselle-pour-enfants-sienna","status":"publish","type":"product","link":"https:\/\/www.fleurop-home.ch\/fr-ch\/p\/kindergeschirrset-sienna","title":{"rendered":"Set de vaisselle pour enfants, Sienna"},"content":{"rendered":"<p>Notre set de vaisselle pour enfants \"Ours\" aux couleurs de Sienne est un ensemble polyvalent et color\u00e9 que les petits vont adorer. Il comprend un set de table en forme d'ours mignon, 2 assiettes avec ventouses de diff\u00e9rentes tailles, un gobelet avec paille, un bavoir pratique avec un bac de r\u00e9cup\u00e9ration ainsi qu'une fourchette et une cuill\u00e8re. L'ensemble est lavable au lave-vaisselle et fabriqu\u00e9 en mat\u00e9riau silicone certifi\u00e9 et s\u00fbr. Dans son emballage attrayant, c'est un cadeau id\u00e9al. Ce set de vaisselle ne rend pas seulement les repas plus faciles pour les enfants, mais aussi plus amusants.<\/p>\n<p>- Set de vaisselle en silicone couleur terre de sienne<br \/>\n- 1 x set de table en forme d'ours, 2 x assiettes en forme d'ours de diff\u00e9rentes tailles avec ventouse, 1 x gobelet avec paille, 1 x bavoir avec r\u00e9ceptacle, 1 x fourchette, 1 x cuill\u00e8re<br \/>\n- R\u00e9sistant au lave-vaisselle<br \/>\n- Cadeau id\u00e9al gr\u00e2ce au bel emballage<br \/>\n- Silicone certifi\u00e9 sans BPA et de qualit\u00e9 alimentaire, approuv\u00e9 par SGS &amp; FDA<\/p>","protected":false},"excerpt":{"rendered":"<p>Set de vaisselle pour enfants \u201cOurs\u201d, en silicone en terre de sienne\/beige\/rouge, avec assiettes, couverts, gobelets, set de table et bavoir<\/p>","protected":false},"featured_media":64679,"template":"","meta":[],"product_brand":[],"product_cat":[61,909,916,59],"product_tag":[324],"woo-feed-brand":[],"class_list":{"0":"post-64680","1":"product","2":"type-product","3":"status-publish","4":"has-post-thumbnail","6":"product_cat-kindergeschirr","7":"product_cat-weihnachten","8":"product_cat-praesente","9":"product_cat-kids","10":"product_tag-marein-ag","12":"first","13":"instock","14":"taxable","15":"shipping-taxable","16":"purchasable","17":"product-type-simple"},"_links":{"self":[{"href":"https:\/\/www.fleurop-home.ch\/fr-ch\/wp-json\/wp\/v2\/product\/64680","targetHints":{"allow":["GET"]}}],"collection":[{"href":"https:\/\/www.fleurop-home.ch\/fr-ch\/wp-json\/wp\/v2\/product"}],"about":[{"href":"https:\/\/www.fleurop-home.ch\/fr-ch\/wp-json\/wp\/v2\/types\/product"}],"wp:featuredmedia":[{"embeddable":true,"href":"https:\/\/www.fleurop-home.ch\/fr-ch\/wp-json\/wp\/v2\/media\/64679"}],"wp:attachment":[{"href":"https:\/\/www.fleurop-home.ch\/fr-ch\/wp-json\/wp\/v2\/media?parent=64680"}],"wp:term":[{"taxonomy":"product_brand","embeddable":true,"href":"https:\/\/www.fleurop-home.ch\/fr-ch\/wp-json\/wp\/v2\/product_brand?post=64680"},{"taxonomy":"product_cat","embeddable":true,"href":"https:\/\/www.fleurop-home.ch\/fr-ch\/wp-json\/wp\/v2\/product_cat?post=64680"},{"taxonomy":"product_tag","embeddable":true,"href":"https:\/\/www.fleurop-home.ch\/fr-ch\/wp-json\/wp\/v2\/product_tag?post=64680"},{"taxonomy":"woo-feed-brand","embeddable":true,"href":"https:\/\/www.fleurop-home.ch\/fr-ch\/wp-json\/wp\/v2\/woo-feed-brand?post=64680"}],"curies":[{"name":"wp","href":"https:\/\/api.w.org\/{rel}","templated":true}]}}