{"id":64659,"date":"2025-10-13T15:28:57","date_gmt":"2025-10-13T13:28:57","guid":{"rendered":"https:\/\/www.fleurop-home.ch\/de-ch\/p\/kerzenstaender-schwarz-6cm"},"modified":"2026-01-05T14:03:47","modified_gmt":"2026-01-05T13:03:47","slug":"bougeoir-noir-6cm","status":"publish","type":"product","link":"https:\/\/www.fleurop-home.ch\/fr-ch\/p\/kerzenstaender-schwarz-6cm","title":{"rendered":"Chandelier, noir, 6cm"},"content":{"rendered":"<p>Notre \u00e9l\u00e9gant bougeoir pour bougies tubulaires et pointues avec une finition noire mate ajoute une touche de glamour \u00e0 tes \u00e9v\u00e9nements, qu'il s'agisse d'un mariage ou d'une f\u00eate festive. D'une hauteur de 6,5 cm, il est parfait pour des d\u00e9corations de table \u00e9l\u00e9gantes. Ce chandelier convient \u00e0 la plupart des bougies standard d'un diam\u00e8tre de 2,2 \u00e0 2,4 cm et est disponible en diff\u00e9rentes hauteurs pour permettre des arrangements harmonieux. Les fonds en velours des bougeoirs prot\u00e8gent tes meubles contre les rayures. Ajoute une touche d'\u00e9l\u00e9gance et de style \u00e0 ta pi\u00e8ce avec ce bougeoir en argent.<\/p>\n<p>- Bougeoir en m\u00e9tal pour bougies en forme de tige ou de pointe avec une finition noire mate \u00e9l\u00e9gante.<br \/>\n- Parfaitement adapt\u00e9 \u00e0 diff\u00e9rentes occasions comme les mariages, les f\u00eates et l'utilisation quotidienne.<br \/>\n- Disponible en diff\u00e9rentes tailles pour des combinaisons particuli\u00e8rement harmonieuses<br \/>\n- Convient \u00e0 la plupart des bougies standard d'un diam\u00e8tre de 2,2 \u00e0 2,4 cm.<br \/>\n- Les bougeoirs sont \u00e9quip\u00e9s de fonds en velours pour prot\u00e9ger les meubles des rayures.<br \/>\n- Dimensions : hauteur 6,5 cm x diam\u00e8tre 10 cm (pied)<\/p>","protected":false},"excerpt":{"rendered":"<p>Bougeoir pour bougies sur tige en noir mat, H 6,5 cm<\/p>","protected":false},"featured_media":64658,"template":"","meta":[],"product_brand":[],"product_cat":[104,23,28],"product_tag":[324],"woo-feed-brand":[],"class_list":{"0":"post-64659","1":"product","2":"type-product","3":"status-publish","4":"has-post-thumbnail","6":"product_cat-kerzenhalter","7":"product_cat-home-living","8":"product_cat-kerzen-lichter","9":"product_tag-marein-ag","11":"first","12":"instock","13":"taxable","14":"shipping-taxable","15":"purchasable","16":"product-type-simple"},"_links":{"self":[{"href":"https:\/\/www.fleurop-home.ch\/fr-ch\/wp-json\/wp\/v2\/product\/64659","targetHints":{"allow":["GET"]}}],"collection":[{"href":"https:\/\/www.fleurop-home.ch\/fr-ch\/wp-json\/wp\/v2\/product"}],"about":[{"href":"https:\/\/www.fleurop-home.ch\/fr-ch\/wp-json\/wp\/v2\/types\/product"}],"wp:featuredmedia":[{"embeddable":true,"href":"https:\/\/www.fleurop-home.ch\/fr-ch\/wp-json\/wp\/v2\/media\/64658"}],"wp:attachment":[{"href":"https:\/\/www.fleurop-home.ch\/fr-ch\/wp-json\/wp\/v2\/media?parent=64659"}],"wp:term":[{"taxonomy":"product_brand","embeddable":true,"href":"https:\/\/www.fleurop-home.ch\/fr-ch\/wp-json\/wp\/v2\/product_brand?post=64659"},{"taxonomy":"product_cat","embeddable":true,"href":"https:\/\/www.fleurop-home.ch\/fr-ch\/wp-json\/wp\/v2\/product_cat?post=64659"},{"taxonomy":"product_tag","embeddable":true,"href":"https:\/\/www.fleurop-home.ch\/fr-ch\/wp-json\/wp\/v2\/product_tag?post=64659"},{"taxonomy":"woo-feed-brand","embeddable":true,"href":"https:\/\/www.fleurop-home.ch\/fr-ch\/wp-json\/wp\/v2\/woo-feed-brand?post=64659"}],"curies":[{"name":"wp","href":"https:\/\/api.w.org\/{rel}","templated":true}]}}