{"id":64641,"date":"2025-10-13T15:28:19","date_gmt":"2025-10-13T13:28:19","guid":{"rendered":"https:\/\/www.fleurop-home.ch\/de-ch\/p\/teelicht-glas"},"modified":"2026-04-01T15:03:13","modified_gmt":"2026-04-01T13:03:13","slug":"tealight-glass","status":"publish","type":"product","link":"https:\/\/www.fleurop-home.ch\/fr-ch\/p\/teelicht-glas","title":{"rendered":"Bougie chauffe-plat, verre"},"content":{"rendered":"<p>Ce simple porte-bougie \u00e0 chauffe-plat t'aide \u00e0 donner \u00e0 ton int\u00e9rieur la touche qui lui est propre et permet \u00e0 ta maison d'\u00eatre bien rang\u00e9e.<\/p>\n<p>- Convient parfaitement aux bougies \u00e0 chauffe-plat<br \/>\n- Avec des c\u00f4t\u00e9s dentel\u00e9s<br \/>\n- Peut \u00eatre utilis\u00e9 comme d\u00e9coration \u00e0 l'int\u00e9rieur et \u00e0 l'ext\u00e9rieur<\/p>","protected":false},"excerpt":{"rendered":"<p>Petit porte-bougie \u00e0 chauffe-plat \/ photophore carr\u00e9 en verre transparent avec structure, H 8,5 cm<\/p>","protected":false},"featured_media":66357,"template":"","meta":[],"product_brand":[],"product_cat":[104,23,797,1024,909,1179,911,28],"product_tag":[324],"woo-feed-brand":[],"class_list":{"0":"post-64641","1":"product","2":"type-product","3":"status-publish","4":"has-post-thumbnail","6":"product_cat-kerzenhalter","7":"product_cat-home-living","8":"product_cat-muttertag","9":"product_cat-muttertagsdeko","10":"product_cat-weihnachten","11":"product_cat-weihnachtsdeko","12":"product_cat-accessoires","13":"product_cat-kerzen-lichter","14":"product_tag-marein-ag","16":"first","17":"instock","18":"taxable","19":"shipping-taxable","20":"purchasable","21":"product-type-simple"},"_links":{"self":[{"href":"https:\/\/www.fleurop-home.ch\/fr-ch\/wp-json\/wp\/v2\/product\/64641","targetHints":{"allow":["GET"]}}],"collection":[{"href":"https:\/\/www.fleurop-home.ch\/fr-ch\/wp-json\/wp\/v2\/product"}],"about":[{"href":"https:\/\/www.fleurop-home.ch\/fr-ch\/wp-json\/wp\/v2\/types\/product"}],"wp:featuredmedia":[{"embeddable":true,"href":"https:\/\/www.fleurop-home.ch\/fr-ch\/wp-json\/wp\/v2\/media\/66357"}],"wp:attachment":[{"href":"https:\/\/www.fleurop-home.ch\/fr-ch\/wp-json\/wp\/v2\/media?parent=64641"}],"wp:term":[{"taxonomy":"product_brand","embeddable":true,"href":"https:\/\/www.fleurop-home.ch\/fr-ch\/wp-json\/wp\/v2\/product_brand?post=64641"},{"taxonomy":"product_cat","embeddable":true,"href":"https:\/\/www.fleurop-home.ch\/fr-ch\/wp-json\/wp\/v2\/product_cat?post=64641"},{"taxonomy":"product_tag","embeddable":true,"href":"https:\/\/www.fleurop-home.ch\/fr-ch\/wp-json\/wp\/v2\/product_tag?post=64641"},{"taxonomy":"woo-feed-brand","embeddable":true,"href":"https:\/\/www.fleurop-home.ch\/fr-ch\/wp-json\/wp\/v2\/woo-feed-brand?post=64641"}],"curies":[{"name":"wp","href":"https:\/\/api.w.org\/{rel}","templated":true}]}}