{"id":64637,"date":"2025-10-13T15:28:11","date_gmt":"2025-10-13T13:28:11","guid":{"rendered":"https:\/\/www.fleurop-home.ch\/de-ch\/p\/ks-ostereier-set-pastell-6-stk"},"modified":"2026-04-01T08:14:18","modified_gmt":"2026-04-01T06:14:18","slug":"set-doeufs-de-paques-pastel-6-pcs","status":"publish","type":"product","link":"https:\/\/www.fleurop-home.ch\/fr-ch\/p\/ostereier-set-pastell-6-stk","title":{"rendered":"Set d'oeufs de P\u00e2ques, pastel, 6 pcs."},"content":{"rendered":"<p>Les \u0153ufs en plastique sont parfaits pour les d\u00e9corations de P\u00e2ques. Les 6 \u0153ufs dans les tons pastel menthe, rose et jaune sont finement mouchet\u00e9s de peinture noire et orn\u00e9s d'une plume gracieuse. Avec un diam\u00e8tre d'environ 4 cm et une hauteur de 6 cm, ces jolies suspensions ont les dimensions de v\u00e9ritables \u0153ufs de poule. La boucle d'environ 7 cm fix\u00e9e aux \u0153ufs te permet de suspendre la d\u00e9coration rapidement et confortablement.<\/p>\n<p>6 cm<br \/>\n6 pi\u00e8ces<\/p>","protected":false},"excerpt":{"rendered":"<p>Set de 6 oeufs de P\u00e2ques en couleurs pastel et finition plume, 6 cm<\/p>","protected":false},"featured_media":74468,"template":"","meta":[],"product_brand":[],"product_cat":[1190,23,1021,1018,30,29],"product_tag":[324],"woo-feed-brand":[],"class_list":{"0":"post-64637","1":"product","2":"type-product","3":"status-publish","4":"has-post-thumbnail","6":"product_cat-dekoobjekte","7":"product_cat-home-living","8":"product_cat-osterdeko","9":"product_cat-ostern","10":"product_cat-deko-accessoires","11":"product_cat-do-it-yourself","12":"product_tag-marein-ag","14":"first","15":"instock","16":"taxable","17":"shipping-taxable","18":"purchasable","19":"product-type-simple"},"_links":{"self":[{"href":"https:\/\/www.fleurop-home.ch\/fr-ch\/wp-json\/wp\/v2\/product\/64637","targetHints":{"allow":["GET"]}}],"collection":[{"href":"https:\/\/www.fleurop-home.ch\/fr-ch\/wp-json\/wp\/v2\/product"}],"about":[{"href":"https:\/\/www.fleurop-home.ch\/fr-ch\/wp-json\/wp\/v2\/types\/product"}],"wp:featuredmedia":[{"embeddable":true,"href":"https:\/\/www.fleurop-home.ch\/fr-ch\/wp-json\/wp\/v2\/media\/74468"}],"wp:attachment":[{"href":"https:\/\/www.fleurop-home.ch\/fr-ch\/wp-json\/wp\/v2\/media?parent=64637"}],"wp:term":[{"taxonomy":"product_brand","embeddable":true,"href":"https:\/\/www.fleurop-home.ch\/fr-ch\/wp-json\/wp\/v2\/product_brand?post=64637"},{"taxonomy":"product_cat","embeddable":true,"href":"https:\/\/www.fleurop-home.ch\/fr-ch\/wp-json\/wp\/v2\/product_cat?post=64637"},{"taxonomy":"product_tag","embeddable":true,"href":"https:\/\/www.fleurop-home.ch\/fr-ch\/wp-json\/wp\/v2\/product_tag?post=64637"},{"taxonomy":"woo-feed-brand","embeddable":true,"href":"https:\/\/www.fleurop-home.ch\/fr-ch\/wp-json\/wp\/v2\/woo-feed-brand?post=64637"}],"curies":[{"name":"wp","href":"https:\/\/api.w.org\/{rel}","templated":true}]}}