{"id":64623,"date":"2025-10-13T15:27:49","date_gmt":"2025-10-13T13:27:49","guid":{"rendered":"https:\/\/www.fleurop-home.ch\/de-ch\/p\/kerzenstaender-silber-17cm"},"modified":"2026-01-05T14:03:50","modified_gmt":"2026-01-05T13:03:50","slug":"bougeoir-argent-17cm","status":"publish","type":"product","link":"https:\/\/www.fleurop-home.ch\/fr-ch\/p\/kerzenstaender-silber-17cm","title":{"rendered":"Chandelier, argent, 17cm"},"content":{"rendered":"<p>Ce bougeoir donne \u00e0 ta maison un look super \u00e9l\u00e9gant et est super beau sur la table de la salle \u00e0 manger avec une belle bougie tige. Le bougeoir est disponible chez nous en diff\u00e9rentes couleurs et tailles.<\/p>\n<p>- Chandelier pour bougies tubulaires et pointues en m\u00e9tal avec une finition argent\u00e9e brillante<br \/>\n- Id\u00e9al pour les occasions comme les mariages ou les f\u00eates<br \/>\n- Disponible en diff\u00e9rentes tailles (17,5 cm et 27,5 cm) pour des combinaisons particuli\u00e8rement harmonieuses<br \/>\n- Convient \u00e0 la plupart des bougies standard (2 - 2,2 cm)<br \/>\n- Les bougeoirs sont \u00e9quip\u00e9s de fonds en velours pour prot\u00e9ger les meubles des rayures<\/p>","protected":false},"excerpt":{"rendered":"<p>Bougeoir pour bougies sur tige en argent, 17.5cm<\/p>","protected":false},"featured_media":64622,"template":"","meta":[],"product_brand":[],"product_cat":[104,23,909,1179,911,28],"product_tag":[324],"woo-feed-brand":[],"class_list":{"0":"post-64623","1":"product","2":"type-product","3":"status-publish","4":"has-post-thumbnail","6":"product_cat-kerzenhalter","7":"product_cat-home-living","8":"product_cat-weihnachten","9":"product_cat-weihnachtsdeko","10":"product_cat-accessoires","11":"product_cat-kerzen-lichter","12":"product_tag-marein-ag","14":"first","15":"instock","16":"taxable","17":"shipping-taxable","18":"purchasable","19":"product-type-simple"},"_links":{"self":[{"href":"https:\/\/www.fleurop-home.ch\/fr-ch\/wp-json\/wp\/v2\/product\/64623","targetHints":{"allow":["GET"]}}],"collection":[{"href":"https:\/\/www.fleurop-home.ch\/fr-ch\/wp-json\/wp\/v2\/product"}],"about":[{"href":"https:\/\/www.fleurop-home.ch\/fr-ch\/wp-json\/wp\/v2\/types\/product"}],"wp:featuredmedia":[{"embeddable":true,"href":"https:\/\/www.fleurop-home.ch\/fr-ch\/wp-json\/wp\/v2\/media\/64622"}],"wp:attachment":[{"href":"https:\/\/www.fleurop-home.ch\/fr-ch\/wp-json\/wp\/v2\/media?parent=64623"}],"wp:term":[{"taxonomy":"product_brand","embeddable":true,"href":"https:\/\/www.fleurop-home.ch\/fr-ch\/wp-json\/wp\/v2\/product_brand?post=64623"},{"taxonomy":"product_cat","embeddable":true,"href":"https:\/\/www.fleurop-home.ch\/fr-ch\/wp-json\/wp\/v2\/product_cat?post=64623"},{"taxonomy":"product_tag","embeddable":true,"href":"https:\/\/www.fleurop-home.ch\/fr-ch\/wp-json\/wp\/v2\/product_tag?post=64623"},{"taxonomy":"woo-feed-brand","embeddable":true,"href":"https:\/\/www.fleurop-home.ch\/fr-ch\/wp-json\/wp\/v2\/woo-feed-brand?post=64623"}],"curies":[{"name":"wp","href":"https:\/\/api.w.org\/{rel}","templated":true}]}}