{"id":64600,"date":"2025-10-13T15:27:11","date_gmt":"2025-10-13T13:27:11","guid":{"rendered":"https:\/\/www.fleurop-home.ch\/de-ch\/p\/kerzenstaender-rose-17cm"},"modified":"2026-04-01T15:03:13","modified_gmt":"2026-04-01T13:03:13","slug":"bougeoir-rose-17cm","status":"publish","type":"product","link":"https:\/\/www.fleurop-home.ch\/fr-ch\/p\/kerzenstaender-rose-17cm","title":{"rendered":"Chandelier, rose, 17cm"},"content":{"rendered":"<p>Notre \u00e9l\u00e9gant bougeoir pour bougies tubulaires et pointues en finition cuivre brillant ajoute une touche de glamour \u00e0 tes \u00e9v\u00e9nements, qu'il s'agisse d'un mariage ou d'une f\u00eate festive. D'une hauteur de 17,5 cm, il est parfait pour des d\u00e9corations de table \u00e9l\u00e9gantes. Ce chandelier convient \u00e0 la plupart des bougies standard de 2,2 cm de diam\u00e8tre et est disponible en diff\u00e9rentes hauteurs pour permettre des arrangements harmonieux. Les fonds en velours des bougeoirs prot\u00e8gent tes meubles contre les rayures. Ajoute une touche d'\u00e9l\u00e9gance et de style \u00e0 ta pi\u00e8ce avec ce bougeoir en cuivre.<\/p>\n<p>- Chandelier pour bougies tubulaires et pointues en m\u00e9tal avec une finition cuivre brillante<br \/>\n- Id\u00e9al pour les occasions comme les mariages ou les f\u00eates<br \/>\n- Convient \u00e0 la plupart des bougies standard (2,2 cm)<br \/>\n- Les bougeoirs sont \u00e9quip\u00e9s de fonds en velours pour prot\u00e9ger les meubles des rayures<\/p>","protected":false},"excerpt":{"rendered":"<p>Bougeoir pour bougies sur tige en cuivre \/ or rose, 17.5 cm<\/p>","protected":false},"featured_media":64599,"template":"","meta":[],"product_brand":[],"product_cat":[104,23,1000,797,1024,999,909,1179,911,28],"product_tag":[324],"woo-feed-brand":[],"class_list":{"0":"post-64600","1":"product","2":"type-product","3":"status-publish","4":"has-post-thumbnail","6":"product_cat-kerzenhalter","7":"product_cat-home-living","8":"product_cat-valentinstagsdeko","9":"product_cat-muttertag","10":"product_cat-muttertagsdeko","11":"product_cat-valentinstag","12":"product_cat-weihnachten","13":"product_cat-weihnachtsdeko","14":"product_cat-accessoires","15":"product_cat-kerzen-lichter","16":"product_tag-marein-ag","18":"first","19":"instock","20":"taxable","21":"shipping-taxable","22":"purchasable","23":"product-type-simple"},"_links":{"self":[{"href":"https:\/\/www.fleurop-home.ch\/fr-ch\/wp-json\/wp\/v2\/product\/64600","targetHints":{"allow":["GET"]}}],"collection":[{"href":"https:\/\/www.fleurop-home.ch\/fr-ch\/wp-json\/wp\/v2\/product"}],"about":[{"href":"https:\/\/www.fleurop-home.ch\/fr-ch\/wp-json\/wp\/v2\/types\/product"}],"wp:featuredmedia":[{"embeddable":true,"href":"https:\/\/www.fleurop-home.ch\/fr-ch\/wp-json\/wp\/v2\/media\/64599"}],"wp:attachment":[{"href":"https:\/\/www.fleurop-home.ch\/fr-ch\/wp-json\/wp\/v2\/media?parent=64600"}],"wp:term":[{"taxonomy":"product_brand","embeddable":true,"href":"https:\/\/www.fleurop-home.ch\/fr-ch\/wp-json\/wp\/v2\/product_brand?post=64600"},{"taxonomy":"product_cat","embeddable":true,"href":"https:\/\/www.fleurop-home.ch\/fr-ch\/wp-json\/wp\/v2\/product_cat?post=64600"},{"taxonomy":"product_tag","embeddable":true,"href":"https:\/\/www.fleurop-home.ch\/fr-ch\/wp-json\/wp\/v2\/product_tag?post=64600"},{"taxonomy":"woo-feed-brand","embeddable":true,"href":"https:\/\/www.fleurop-home.ch\/fr-ch\/wp-json\/wp\/v2\/woo-feed-brand?post=64600"}],"curies":[{"name":"wp","href":"https:\/\/api.w.org\/{rel}","templated":true}]}}