{"id":64593,"date":"2025-10-13T15:26:51","date_gmt":"2025-10-13T13:26:51","guid":{"rendered":"https:\/\/www.fleurop-home.ch\/de-ch\/p\/teelichthalter-braun"},"modified":"2026-04-01T15:28:35","modified_gmt":"2026-04-01T13:28:35","slug":"porte-bougies-a-rechaud-marron","status":"publish","type":"product","link":"https:\/\/www.fleurop-home.ch\/fr-ch\/p\/teelichthalter-braun","title":{"rendered":"Porte-bougie \u00e0 chauffe-plat, marron"},"content":{"rendered":"<p>Ce bougeoir scandinave en fa\u00efence avec un \u00e9mail ocre cr\u00e9e une ambiance avec style. Gr\u00e2ce \u00e0 l'\u00e9maillage \u00e0 la main, chacune de ces bougies \u00e0 r\u00e9chaud est unique.<\/p>\n<p>- Mini pot avec \u00e9mail ocre de forme simple en fa\u00efence durable<br \/>\n- Chaque produit est amoureusement \u00e9maill\u00e9 \u00e0 la main en marron, donc l'\u00e9mail peut varier.<br \/>\n- Id\u00e9al pour les petites plantes, les succulentes et les cactus<br \/>\n- Convient aussi parfaitement comme porte-bougie \u00e0 th\u00e9 ou pour servir des ap\u00e9ritifs et des amuse-bouches<br \/>\n- Id\u00e9al pour d\u00e9corer des \u00e9v\u00e9nements comme des mariages ou des f\u00eates<br \/>\n- Dimensions 8 x 8 cm<\/p>","protected":false},"excerpt":{"rendered":"<p>Mini pot \/ porte-bougie \u00e0 r\u00e9chaud avec gla\u00e7age marron clair, 8 cm<\/p>","protected":false},"featured_media":64592,"template":"","meta":[],"product_brand":[],"product_cat":[104,23,797,1024,28],"product_tag":[324],"woo-feed-brand":[],"class_list":{"0":"post-64593","1":"product","2":"type-product","3":"status-publish","4":"has-post-thumbnail","6":"product_cat-kerzenhalter","7":"product_cat-home-living","8":"product_cat-muttertag","9":"product_cat-muttertagsdeko","10":"product_cat-kerzen-lichter","11":"product_tag-marein-ag","13":"first","14":"instock","15":"taxable","16":"shipping-taxable","17":"purchasable","18":"product-type-simple"},"_links":{"self":[{"href":"https:\/\/www.fleurop-home.ch\/fr-ch\/wp-json\/wp\/v2\/product\/64593","targetHints":{"allow":["GET"]}}],"collection":[{"href":"https:\/\/www.fleurop-home.ch\/fr-ch\/wp-json\/wp\/v2\/product"}],"about":[{"href":"https:\/\/www.fleurop-home.ch\/fr-ch\/wp-json\/wp\/v2\/types\/product"}],"wp:featuredmedia":[{"embeddable":true,"href":"https:\/\/www.fleurop-home.ch\/fr-ch\/wp-json\/wp\/v2\/media\/64592"}],"wp:attachment":[{"href":"https:\/\/www.fleurop-home.ch\/fr-ch\/wp-json\/wp\/v2\/media?parent=64593"}],"wp:term":[{"taxonomy":"product_brand","embeddable":true,"href":"https:\/\/www.fleurop-home.ch\/fr-ch\/wp-json\/wp\/v2\/product_brand?post=64593"},{"taxonomy":"product_cat","embeddable":true,"href":"https:\/\/www.fleurop-home.ch\/fr-ch\/wp-json\/wp\/v2\/product_cat?post=64593"},{"taxonomy":"product_tag","embeddable":true,"href":"https:\/\/www.fleurop-home.ch\/fr-ch\/wp-json\/wp\/v2\/product_tag?post=64593"},{"taxonomy":"woo-feed-brand","embeddable":true,"href":"https:\/\/www.fleurop-home.ch\/fr-ch\/wp-json\/wp\/v2\/woo-feed-brand?post=64593"}],"curies":[{"name":"wp","href":"https:\/\/api.w.org\/{rel}","templated":true}]}}