{"id":64545,"date":"2025-10-13T15:25:01","date_gmt":"2025-10-13T13:25:01","guid":{"rendered":"https:\/\/www.fleurop-home.ch\/de-ch\/p\/merle-topf-auf-fuss-creme-28cm"},"modified":"2026-01-05T14:05:19","modified_gmt":"2026-01-05T13:05:19","slug":"merle-pot-creme-28cm","status":"publish","type":"product","link":"https:\/\/www.fleurop-home.ch\/fr-ch\/p\/merle-topf-creme-28cm","title":{"rendered":"Merle pot, cr\u00e8me, 28cm"},"content":{"rendered":"<p>Que tu l'utilises comme pot de fleurs ou comme vase XL, ce joli pot en c\u00e9ramique donnera beaucoup de style \u00e0 ton int\u00e9rieur.<\/p>\n<p>- Utilisable comme pot de fleurs ou comme vase pour les fleurs \u00e0 longue tige<br \/>\n- Amoureusement \u00e9maill\u00e9 \u00e0 la main, c'est pourquoi chaque produit est unique<br \/>\n- Hauteur 28 cm, ouverture 12,5 cm, diam\u00e8tre 15 cm<\/p>","protected":false},"excerpt":{"rendered":"<p>Pot de fleurs beige \/ vase XL en c\u00e9ramique, \u00d8 14 cm x 28 cm<\/p>","protected":false},"featured_media":64544,"template":"","meta":[],"product_brand":[],"product_cat":[27,23,1198,1197],"product_tag":[324],"woo-feed-brand":[],"class_list":{"0":"post-64545","1":"product","2":"type-product","3":"status-publish","4":"has-post-thumbnail","6":"product_cat-vasen-gefaesse","7":"product_cat-home-living","8":"product_cat-toepfe","9":"product_cat-vasen","10":"product_tag-marein-ag","12":"first","13":"instock","14":"taxable","15":"shipping-taxable","16":"purchasable","17":"product-type-simple"},"_links":{"self":[{"href":"https:\/\/www.fleurop-home.ch\/fr-ch\/wp-json\/wp\/v2\/product\/64545","targetHints":{"allow":["GET"]}}],"collection":[{"href":"https:\/\/www.fleurop-home.ch\/fr-ch\/wp-json\/wp\/v2\/product"}],"about":[{"href":"https:\/\/www.fleurop-home.ch\/fr-ch\/wp-json\/wp\/v2\/types\/product"}],"wp:featuredmedia":[{"embeddable":true,"href":"https:\/\/www.fleurop-home.ch\/fr-ch\/wp-json\/wp\/v2\/media\/64544"}],"wp:attachment":[{"href":"https:\/\/www.fleurop-home.ch\/fr-ch\/wp-json\/wp\/v2\/media?parent=64545"}],"wp:term":[{"taxonomy":"product_brand","embeddable":true,"href":"https:\/\/www.fleurop-home.ch\/fr-ch\/wp-json\/wp\/v2\/product_brand?post=64545"},{"taxonomy":"product_cat","embeddable":true,"href":"https:\/\/www.fleurop-home.ch\/fr-ch\/wp-json\/wp\/v2\/product_cat?post=64545"},{"taxonomy":"product_tag","embeddable":true,"href":"https:\/\/www.fleurop-home.ch\/fr-ch\/wp-json\/wp\/v2\/product_tag?post=64545"},{"taxonomy":"woo-feed-brand","embeddable":true,"href":"https:\/\/www.fleurop-home.ch\/fr-ch\/wp-json\/wp\/v2\/woo-feed-brand?post=64545"}],"curies":[{"name":"wp","href":"https:\/\/api.w.org\/{rel}","templated":true}]}}