{"id":6453,"date":"2020-03-27T10:44:59","date_gmt":"2020-03-27T10:44:59","guid":{"rendered":"https:\/\/www.fleurop-home.ch\/?product=weisse-orchidee-phalaenopsis-im-cachepot-premium"},"modified":"2026-03-26T16:25:14","modified_gmt":"2026-03-26T15:25:14","slug":"orchidee-blanche-phalaenopsis-en-cachepot-premium","status":"publish","type":"product","link":"https:\/\/www.fleurop-home.ch\/fr-ch\/p\/weisse-orchidee-phalaenopsis-im-cachepot-premium","title":{"rendered":"Orchid\u00e9e blanche (Phalaenopsis) en cachepot, Premium"},"content":{"rendered":"<p style=\"text-align: left;\">Cette orchid\u00e9e \u00e9l\u00e9gante te donnera longtemps du plaisir.<\/p>\n<p style=\"text-align: left;\">Ce phalaenopsis est \u00e0 deux panicules et a un diam\u00e8tre de pot de 17 cm.<\/p>","protected":false},"excerpt":{"rendered":"<p>Orchid\u00e9e blanche (Phalaenopsis) en cachepot, Premium<\/p>","protected":false},"featured_media":6454,"template":"","meta":[],"product_brand":[],"product_cat":[118,23,1023,910,797,1020,1018,909,26,916,52,55],"product_tag":[294],"woo-feed-brand":[],"class_list":{"0":"post-6453","1":"product","2":"type-product","3":"status-publish","4":"has-post-thumbnail","6":"product_cat-zimmerpflanzen","7":"product_cat-home-living","8":"product_cat-fuer-mama","9":"product_cat-geschenkideen","10":"product_cat-muttertag","11":"product_cat-ostergeschenke","12":"product_cat-ostern","13":"product_cat-weihnachten","14":"product_cat-blumen-pflanzen","15":"product_cat-praesente","16":"product_cat-geschenke","17":"product_cat-blumige-geschenke","18":"product_tag-the-bloomery","20":"first","21":"instock","22":"taxable","23":"shipping-taxable","24":"purchasable","25":"product-type-simple"},"_links":{"self":[{"href":"https:\/\/www.fleurop-home.ch\/fr-ch\/wp-json\/wp\/v2\/product\/6453","targetHints":{"allow":["GET"]}}],"collection":[{"href":"https:\/\/www.fleurop-home.ch\/fr-ch\/wp-json\/wp\/v2\/product"}],"about":[{"href":"https:\/\/www.fleurop-home.ch\/fr-ch\/wp-json\/wp\/v2\/types\/product"}],"wp:featuredmedia":[{"embeddable":true,"href":"https:\/\/www.fleurop-home.ch\/fr-ch\/wp-json\/wp\/v2\/media\/6454"}],"wp:attachment":[{"href":"https:\/\/www.fleurop-home.ch\/fr-ch\/wp-json\/wp\/v2\/media?parent=6453"}],"wp:term":[{"taxonomy":"product_brand","embeddable":true,"href":"https:\/\/www.fleurop-home.ch\/fr-ch\/wp-json\/wp\/v2\/product_brand?post=6453"},{"taxonomy":"product_cat","embeddable":true,"href":"https:\/\/www.fleurop-home.ch\/fr-ch\/wp-json\/wp\/v2\/product_cat?post=6453"},{"taxonomy":"product_tag","embeddable":true,"href":"https:\/\/www.fleurop-home.ch\/fr-ch\/wp-json\/wp\/v2\/product_tag?post=6453"},{"taxonomy":"woo-feed-brand","embeddable":true,"href":"https:\/\/www.fleurop-home.ch\/fr-ch\/wp-json\/wp\/v2\/woo-feed-brand?post=6453"}],"curies":[{"name":"wp","href":"https:\/\/api.w.org\/{rel}","templated":true}]}}