{"id":64521,"date":"2025-10-13T15:23:56","date_gmt":"2025-10-13T13:23:56","guid":{"rendered":"https:\/\/www.fleurop-home.ch\/de-ch\/p\/keramikvase-orange-10x20cm"},"modified":"2026-01-05T14:05:21","modified_gmt":"2026-01-05T13:05:21","slug":"vase-en-ceramique-orange-10x20cm","status":"publish","type":"product","link":"https:\/\/www.fleurop-home.ch\/fr-ch\/p\/keramikvase-orange-10x20cm","title":{"rendered":"Vase en c\u00e9ramique, orange, 10x20cm"},"content":{"rendered":"<p>Ce vase en c\u00e9ramique simple au style Japandi tendance est merveilleux pour les petits bouquets de fleurs ou les fleurs ou branches individuelles. Gr\u00e2ce \u00e0 sa surface sablonneuse, le vase apporte un look \u00e9l\u00e9gant et moderne \u00e0 ton int\u00e9rieur. Associ\u00e9 \u00e0 notre mini pot, tu obtiendras une composition particuli\u00e8rement belle.<\/p>\n<p>- Vase haut avec une surface sableuse et un int\u00e9rieur lisse<br \/>\n- En c\u00e9ramique de haute qualit\u00e9<br \/>\n- Id\u00e9al pour les branches individuelles ou les fleurs coup\u00e9es avec une longue tige<br \/>\n- Ouverture 4 cm, diam\u00e8tre 10 cm, hauteur 20.5 cm<br \/>\n- Contient 1,3 litre de liquide<\/p>","protected":false},"excerpt":{"rendered":"<p>Vase en c\u00e9ramique couleur terracotta \u00d8 10 x H 20.5 cm<\/p>","protected":false},"featured_media":64520,"template":"","meta":[],"product_brand":[],"product_cat":[27,23,1197],"product_tag":[324],"woo-feed-brand":[],"class_list":{"0":"post-64521","1":"product","2":"type-product","3":"status-publish","4":"has-post-thumbnail","6":"product_cat-vasen-gefaesse","7":"product_cat-home-living","8":"product_cat-vasen","9":"product_tag-marein-ag","11":"first","12":"instock","13":"taxable","14":"shipping-taxable","15":"purchasable","16":"product-type-simple"},"_links":{"self":[{"href":"https:\/\/www.fleurop-home.ch\/fr-ch\/wp-json\/wp\/v2\/product\/64521","targetHints":{"allow":["GET"]}}],"collection":[{"href":"https:\/\/www.fleurop-home.ch\/fr-ch\/wp-json\/wp\/v2\/product"}],"about":[{"href":"https:\/\/www.fleurop-home.ch\/fr-ch\/wp-json\/wp\/v2\/types\/product"}],"wp:featuredmedia":[{"embeddable":true,"href":"https:\/\/www.fleurop-home.ch\/fr-ch\/wp-json\/wp\/v2\/media\/64520"}],"wp:attachment":[{"href":"https:\/\/www.fleurop-home.ch\/fr-ch\/wp-json\/wp\/v2\/media?parent=64521"}],"wp:term":[{"taxonomy":"product_brand","embeddable":true,"href":"https:\/\/www.fleurop-home.ch\/fr-ch\/wp-json\/wp\/v2\/product_brand?post=64521"},{"taxonomy":"product_cat","embeddable":true,"href":"https:\/\/www.fleurop-home.ch\/fr-ch\/wp-json\/wp\/v2\/product_cat?post=64521"},{"taxonomy":"product_tag","embeddable":true,"href":"https:\/\/www.fleurop-home.ch\/fr-ch\/wp-json\/wp\/v2\/product_tag?post=64521"},{"taxonomy":"woo-feed-brand","embeddable":true,"href":"https:\/\/www.fleurop-home.ch\/fr-ch\/wp-json\/wp\/v2\/woo-feed-brand?post=64521"}],"curies":[{"name":"wp","href":"https:\/\/api.w.org\/{rel}","templated":true}]}}