{"id":64492,"date":"2025-10-13T15:22:39","date_gmt":"2025-10-13T13:22:39","guid":{"rendered":"https:\/\/www.fleurop-home.ch\/de-ch\/p\/runder-spiegel-rattan-d-30-cm"},"modified":"2026-01-05T14:05:23","modified_gmt":"2026-01-05T13:05:23","slug":"miroir-rond-en-rotin-d-30-cm","status":"publish","type":"product","link":"https:\/\/www.fleurop-home.ch\/fr-ch\/p\/runder-spiegel-rattan-d-30-cm","title":{"rendered":"Miroir rond en rotin, D 30 cm"},"content":{"rendered":"<p>Ce joli miroir avec un cadre en rotin s'adapte \u00e0 de nombreuses ambiances d'int\u00e9rieur - que ce soit le look boholo ou le th\u00e8me jungle dans la chambre d'enfant.<\/p>\n<p>- Petit miroir rond avec cadre en rotin saillant<br \/>\n- Avec cordon \u00e0 suspendre<br \/>\n- Convient comme accessoire d'int\u00e9rieur dans la chambre \u00e0 coucher, le couloir, la salle de bain ou m\u00eame dans la chambre des enfants<\/p>","protected":false},"excerpt":{"rendered":"<p>Miroir rond avec cadre en rotin au look boho, \u00d8 30 cm<\/p>","protected":false},"featured_media":64491,"template":"","meta":[],"product_brand":[],"product_cat":[30,23,1187,59,64],"product_tag":[324],"woo-feed-brand":[],"class_list":{"0":"post-64492","1":"product","2":"type-product","3":"status-publish","4":"has-post-thumbnail","6":"product_cat-deko-accessoires","7":"product_cat-home-living","8":"product_cat-spiegel","9":"product_cat-kids","10":"product_cat-kinderzimmer-deko","11":"product_tag-marein-ag","13":"first","14":"instock","15":"taxable","16":"shipping-taxable","17":"purchasable","18":"product-type-simple"},"_links":{"self":[{"href":"https:\/\/www.fleurop-home.ch\/fr-ch\/wp-json\/wp\/v2\/product\/64492","targetHints":{"allow":["GET"]}}],"collection":[{"href":"https:\/\/www.fleurop-home.ch\/fr-ch\/wp-json\/wp\/v2\/product"}],"about":[{"href":"https:\/\/www.fleurop-home.ch\/fr-ch\/wp-json\/wp\/v2\/types\/product"}],"wp:featuredmedia":[{"embeddable":true,"href":"https:\/\/www.fleurop-home.ch\/fr-ch\/wp-json\/wp\/v2\/media\/64491"}],"wp:attachment":[{"href":"https:\/\/www.fleurop-home.ch\/fr-ch\/wp-json\/wp\/v2\/media?parent=64492"}],"wp:term":[{"taxonomy":"product_brand","embeddable":true,"href":"https:\/\/www.fleurop-home.ch\/fr-ch\/wp-json\/wp\/v2\/product_brand?post=64492"},{"taxonomy":"product_cat","embeddable":true,"href":"https:\/\/www.fleurop-home.ch\/fr-ch\/wp-json\/wp\/v2\/product_cat?post=64492"},{"taxonomy":"product_tag","embeddable":true,"href":"https:\/\/www.fleurop-home.ch\/fr-ch\/wp-json\/wp\/v2\/product_tag?post=64492"},{"taxonomy":"woo-feed-brand","embeddable":true,"href":"https:\/\/www.fleurop-home.ch\/fr-ch\/wp-json\/wp\/v2\/woo-feed-brand?post=64492"}],"curies":[{"name":"wp","href":"https:\/\/api.w.org\/{rel}","templated":true}]}}