{"id":64477,"date":"2025-10-13T15:22:00","date_gmt":"2025-10-13T13:22:00","guid":{"rendered":"https:\/\/www.fleurop-home.ch\/de-ch\/p\/metalltablett-taupe-30-5x3-5-cm"},"modified":"2026-01-05T14:05:24","modified_gmt":"2026-01-05T13:05:24","slug":"plateau-metallique-taupe-30-5x3-5-cm","status":"publish","type":"product","link":"https:\/\/www.fleurop-home.ch\/fr-ch\/p\/metalltablett-taupe-30-5x3-5-cm","title":{"rendered":"Plateau m\u00e9tallique taupe, 30.5\u00d73.5 cm"},"content":{"rendered":"<p>Que ce soit pour servir ou \u00e0 des fins d\u00e9coratives, ce plateau m\u00e9tallique simple et intemporel peut \u00eatre utilis\u00e9 de mani\u00e8re universelle. Le plateau est tr\u00e8s beau lorsqu'il est rempli de bougies et d'objets de d\u00e9coration. Mais il est aussi parfait pour pr\u00e9senter joliment un ap\u00e9ritif.<\/p>\n<p>- Plateau de service ou plateau d\u00e9coratif rond en m\u00e9tal de couleur taupe<br \/>\n- Design minimaliste<br \/>\n- Fabriqu\u00e9 en m\u00e9tal l\u00e9ger pour une utilisation facile<br \/>\n- Dimensions : H 3.7 x \u00d8 30.7 cm<br \/>\n- Parfaitement adapt\u00e9 \u00e0 une couronne de l'Avent moderne<\/p>","protected":false},"excerpt":{"rendered":"<p>Plateau de service rond \/ plateau d\u00e9coratif en m\u00e9tal couleur taupe, \u00d8 30.5 cm<\/p>","protected":false},"featured_media":64476,"template":"","meta":[],"product_brand":[],"product_cat":[1108,23,1190,30,42,1104,43],"product_tag":[324],"woo-feed-brand":[],"class_list":{"0":"post-64477","1":"product","2":"type-product","3":"status-publish","4":"has-post-thumbnail","6":"product_cat-tabletts","7":"product_cat-home-living","8":"product_cat-dekoobjekte","9":"product_cat-deko-accessoires","10":"product_cat-kueche","11":"product_cat-tischakzente","12":"product_cat-gedeckter-tisch","13":"product_tag-marein-ag","15":"first","16":"instock","17":"taxable","18":"shipping-taxable","19":"purchasable","20":"product-type-simple"},"_links":{"self":[{"href":"https:\/\/www.fleurop-home.ch\/fr-ch\/wp-json\/wp\/v2\/product\/64477","targetHints":{"allow":["GET"]}}],"collection":[{"href":"https:\/\/www.fleurop-home.ch\/fr-ch\/wp-json\/wp\/v2\/product"}],"about":[{"href":"https:\/\/www.fleurop-home.ch\/fr-ch\/wp-json\/wp\/v2\/types\/product"}],"wp:featuredmedia":[{"embeddable":true,"href":"https:\/\/www.fleurop-home.ch\/fr-ch\/wp-json\/wp\/v2\/media\/64476"}],"wp:attachment":[{"href":"https:\/\/www.fleurop-home.ch\/fr-ch\/wp-json\/wp\/v2\/media?parent=64477"}],"wp:term":[{"taxonomy":"product_brand","embeddable":true,"href":"https:\/\/www.fleurop-home.ch\/fr-ch\/wp-json\/wp\/v2\/product_brand?post=64477"},{"taxonomy":"product_cat","embeddable":true,"href":"https:\/\/www.fleurop-home.ch\/fr-ch\/wp-json\/wp\/v2\/product_cat?post=64477"},{"taxonomy":"product_tag","embeddable":true,"href":"https:\/\/www.fleurop-home.ch\/fr-ch\/wp-json\/wp\/v2\/product_tag?post=64477"},{"taxonomy":"woo-feed-brand","embeddable":true,"href":"https:\/\/www.fleurop-home.ch\/fr-ch\/wp-json\/wp\/v2\/woo-feed-brand?post=64477"}],"curies":[{"name":"wp","href":"https:\/\/api.w.org\/{rel}","templated":true}]}}