{"id":64429,"date":"2025-10-13T15:20:43","date_gmt":"2025-10-13T13:20:43","guid":{"rendered":"https:\/\/www.fleurop-home.ch\/de-ch\/p\/runder-wandspiegel-gold-d59cm"},"modified":"2026-01-05T14:05:26","modified_gmt":"2026-01-05T13:05:26","slug":"miroir-mural-rond-dore-d59cm","status":"publish","type":"product","link":"https:\/\/www.fleurop-home.ch\/fr-ch\/p\/runder-wandspiegel-gold-d59cm","title":{"rendered":"Miroir mural rond, dor\u00e9 D59cm"},"content":{"rendered":"<p>Ajoute une touche d'\u00e9l\u00e9gance \u00e0 ta pi\u00e8ce avec notre miroir mural rond et simple ! Le cadre m\u00e9tallique fin et dor\u00e9 souligne sa forme ronde de mani\u00e8re discr\u00e8te. Avec un diam\u00e8tre de 59 cm, ce miroir attire l'attention avec style. Le miroir est livr\u00e9 bien emball\u00e9 et avec des crochets pour l'accrocher sans effort - un compl\u00e9ment harmonieux pour ton int\u00e9rieur !<\/p>\n<p>- Miroir au design simple et \u00e0 la forme ronde<br \/>\n- Cadre fin et mince en m\u00e9tal dor\u00e9<br \/>\n- Avec crochet de suspension<br \/>\n- Diam\u00e8tre 59 cm<br \/>\n- Livr\u00e9 bien emball\u00e9 pour \u00e9viter les cassures pendant le transport<\/p>","protected":false},"excerpt":{"rendered":"<p>Miroir mural rond simple avec cadre dor\u00e9, \u00d8 59 cm<\/p>","protected":false},"featured_media":64428,"template":"","meta":[],"product_brand":[],"product_cat":[1187,23,30],"product_tag":[324],"woo-feed-brand":[],"class_list":{"0":"post-64429","1":"product","2":"type-product","3":"status-publish","4":"has-post-thumbnail","6":"product_cat-spiegel","7":"product_cat-home-living","8":"product_cat-deko-accessoires","9":"product_tag-marein-ag","11":"first","12":"instock","13":"taxable","14":"shipping-taxable","15":"purchasable","16":"product-type-simple"},"_links":{"self":[{"href":"https:\/\/www.fleurop-home.ch\/fr-ch\/wp-json\/wp\/v2\/product\/64429","targetHints":{"allow":["GET"]}}],"collection":[{"href":"https:\/\/www.fleurop-home.ch\/fr-ch\/wp-json\/wp\/v2\/product"}],"about":[{"href":"https:\/\/www.fleurop-home.ch\/fr-ch\/wp-json\/wp\/v2\/types\/product"}],"wp:featuredmedia":[{"embeddable":true,"href":"https:\/\/www.fleurop-home.ch\/fr-ch\/wp-json\/wp\/v2\/media\/64428"}],"wp:attachment":[{"href":"https:\/\/www.fleurop-home.ch\/fr-ch\/wp-json\/wp\/v2\/media?parent=64429"}],"wp:term":[{"taxonomy":"product_brand","embeddable":true,"href":"https:\/\/www.fleurop-home.ch\/fr-ch\/wp-json\/wp\/v2\/product_brand?post=64429"},{"taxonomy":"product_cat","embeddable":true,"href":"https:\/\/www.fleurop-home.ch\/fr-ch\/wp-json\/wp\/v2\/product_cat?post=64429"},{"taxonomy":"product_tag","embeddable":true,"href":"https:\/\/www.fleurop-home.ch\/fr-ch\/wp-json\/wp\/v2\/product_tag?post=64429"},{"taxonomy":"woo-feed-brand","embeddable":true,"href":"https:\/\/www.fleurop-home.ch\/fr-ch\/wp-json\/wp\/v2\/woo-feed-brand?post=64429"}],"curies":[{"name":"wp","href":"https:\/\/api.w.org\/{rel}","templated":true}]}}