{"id":64411,"date":"2025-10-13T15:20:19","date_gmt":"2025-10-13T13:20:19","guid":{"rendered":"https:\/\/www.fleurop-home.ch\/de-ch\/p\/villia-tischdecke-lila-250x140cm"},"modified":"2026-03-18T13:39:29","modified_gmt":"2026-03-18T12:39:29","slug":"villia-nappe-lilas-250x140cm","status":"publish","type":"product","link":"https:\/\/www.fleurop-home.ch\/fr-ch\/p\/villia-tischdecke-lila-250x140cm","title":{"rendered":"Nappe Villia Lila, 250x140cm"},"content":{"rendered":"<p>Notre nappe de haute qualit\u00e9 en coton 100 % de couleur lilas clair ajoute de l'\u00e9l\u00e9gance et du style \u00e0 ta table de salle \u00e0 manger. Avec ses dimensions g\u00e9n\u00e9reuses de 250 x 140 cm, elle offre suffisamment de place pour ta d\u00e9coration de table. Cette nappe est lavable \u00e0 30\u00b0C, ce qui fait de son entretien et de son nettoyage un jeu d'enfant. Ajoute de la couleur et de la convivialit\u00e9 \u00e0 tes pi\u00e8ces et cr\u00e9e une atmosph\u00e8re accueillante pour tes invit\u00e9s.<\/p>\n<p>- Nappe en coton de qualit\u00e9 100%<br \/>\n- Lavable \u00e0 30<br \/>\n- Dimensions : 250 x 140 cm<\/p>","protected":false},"excerpt":{"rendered":"<p>Nappe violette en coton, 250 x 140 cm<\/p>","protected":false},"featured_media":64410,"template":"","meta":[],"product_brand":[],"product_cat":[1099,1019,1018,984,994,909,1179,911,42,1098],"product_tag":[324],"woo-feed-brand":[],"class_list":{"0":"post-64411","1":"product","2":"type-product","3":"status-publish","4":"has-post-thumbnail","6":"product_cat-tischtextilien","7":"product_cat-osterbrunch","8":"product_cat-ostern","9":"product_cat-silvester","10":"product_cat-silvestertisch","11":"product_cat-weihnachten","12":"product_cat-weihnachtsdeko","13":"product_cat-accessoires","14":"product_cat-kueche","15":"product_cat-textilien","16":"product_tag-marein-ag","18":"first","19":"instock","20":"taxable","21":"shipping-taxable","22":"purchasable","23":"product-type-simple"},"_links":{"self":[{"href":"https:\/\/www.fleurop-home.ch\/fr-ch\/wp-json\/wp\/v2\/product\/64411","targetHints":{"allow":["GET"]}}],"collection":[{"href":"https:\/\/www.fleurop-home.ch\/fr-ch\/wp-json\/wp\/v2\/product"}],"about":[{"href":"https:\/\/www.fleurop-home.ch\/fr-ch\/wp-json\/wp\/v2\/types\/product"}],"wp:featuredmedia":[{"embeddable":true,"href":"https:\/\/www.fleurop-home.ch\/fr-ch\/wp-json\/wp\/v2\/media\/64410"}],"wp:attachment":[{"href":"https:\/\/www.fleurop-home.ch\/fr-ch\/wp-json\/wp\/v2\/media?parent=64411"}],"wp:term":[{"taxonomy":"product_brand","embeddable":true,"href":"https:\/\/www.fleurop-home.ch\/fr-ch\/wp-json\/wp\/v2\/product_brand?post=64411"},{"taxonomy":"product_cat","embeddable":true,"href":"https:\/\/www.fleurop-home.ch\/fr-ch\/wp-json\/wp\/v2\/product_cat?post=64411"},{"taxonomy":"product_tag","embeddable":true,"href":"https:\/\/www.fleurop-home.ch\/fr-ch\/wp-json\/wp\/v2\/product_tag?post=64411"},{"taxonomy":"woo-feed-brand","embeddable":true,"href":"https:\/\/www.fleurop-home.ch\/fr-ch\/wp-json\/wp\/v2\/woo-feed-brand?post=64411"}],"curies":[{"name":"wp","href":"https:\/\/api.w.org\/{rel}","templated":true}]}}