{"id":64387,"date":"2025-10-13T15:19:44","date_gmt":"2025-10-13T13:19:44","guid":{"rendered":"https:\/\/www.fleurop-home.ch\/de-ch\/p\/kerzenstaender-rose-6-5cm"},"modified":"2026-04-01T15:28:11","modified_gmt":"2026-04-01T13:28:11","slug":"bougeoir-rose-6-5cm","status":"publish","type":"product","link":"https:\/\/www.fleurop-home.ch\/fr-ch\/p\/kerzenstaender-rose-6-5cm","title":{"rendered":"Chandelier rose, 6.5cm"},"content":{"rendered":"<p>Notre \u00e9l\u00e9gant bougeoir pour bougies tubulaires et pointues est disponible dans une finition rose brillante et ajoute une touche romantique \u00e0 toutes les occasions. D'une hauteur de 6,5 cm, il compl\u00e8te avec style ta d\u00e9coration de table. Ce chandelier est polyvalent, que ce soit pour les mariages, les f\u00eates festives ou comme \u00e9l\u00e9ment d\u00e9coratif au quotidien. Il convient \u00e0 la plupart des bougies standard (2,2 - 2,4 cm de diam\u00e8tre) et dispose de fonds en velours doux qui prot\u00e8gent tes meubles des rayures. Disponible en diff\u00e9rentes hauteurs pour des arrangements harmonieux. Ajoute une atmosph\u00e8re charmante \u00e0 ta pi\u00e8ce avec ce bougeoir.<\/p>\n<p>- Chandelier pour bougies tubulaires et pointues en m\u00e9tal avec rose brillant<br \/>\n- Particuli\u00e8rement beau pour les occasions<br \/>\n- Disponible en diff\u00e9rentes hauteurs (6,5 cm et 9 cm) pour des combinaisons particuli\u00e8rement harmonieuses<br \/>\n- Convient \u00e0 la plupart des bougies standard (2,2 cm - 2,4 cm)<br \/>\n- Les bougeoirs sont \u00e9quip\u00e9s de fonds en velours pour \u00e9viter de rayer les meubles<br \/>\n- Dimensions : hauteur 9,5 x diam\u00e8tre 10 cm (pied)<\/p>","protected":false},"excerpt":{"rendered":"<p>Bougeoir pour bougies sur tige en rose, H 6.5 cm x \u00d8 10 cm<\/p>","protected":false},"featured_media":64386,"template":"","meta":[],"product_brand":[],"product_cat":[104,23,1000,797,1024,999,28],"product_tag":[324],"woo-feed-brand":[],"class_list":{"0":"post-64387","1":"product","2":"type-product","3":"status-publish","4":"has-post-thumbnail","6":"product_cat-kerzenhalter","7":"product_cat-home-living","8":"product_cat-valentinstagsdeko","9":"product_cat-muttertag","10":"product_cat-muttertagsdeko","11":"product_cat-valentinstag","12":"product_cat-kerzen-lichter","13":"product_tag-marein-ag","15":"first","16":"instock","17":"taxable","18":"shipping-taxable","19":"purchasable","20":"product-type-simple"},"_links":{"self":[{"href":"https:\/\/www.fleurop-home.ch\/fr-ch\/wp-json\/wp\/v2\/product\/64387","targetHints":{"allow":["GET"]}}],"collection":[{"href":"https:\/\/www.fleurop-home.ch\/fr-ch\/wp-json\/wp\/v2\/product"}],"about":[{"href":"https:\/\/www.fleurop-home.ch\/fr-ch\/wp-json\/wp\/v2\/types\/product"}],"wp:featuredmedia":[{"embeddable":true,"href":"https:\/\/www.fleurop-home.ch\/fr-ch\/wp-json\/wp\/v2\/media\/64386"}],"wp:attachment":[{"href":"https:\/\/www.fleurop-home.ch\/fr-ch\/wp-json\/wp\/v2\/media?parent=64387"}],"wp:term":[{"taxonomy":"product_brand","embeddable":true,"href":"https:\/\/www.fleurop-home.ch\/fr-ch\/wp-json\/wp\/v2\/product_brand?post=64387"},{"taxonomy":"product_cat","embeddable":true,"href":"https:\/\/www.fleurop-home.ch\/fr-ch\/wp-json\/wp\/v2\/product_cat?post=64387"},{"taxonomy":"product_tag","embeddable":true,"href":"https:\/\/www.fleurop-home.ch\/fr-ch\/wp-json\/wp\/v2\/product_tag?post=64387"},{"taxonomy":"woo-feed-brand","embeddable":true,"href":"https:\/\/www.fleurop-home.ch\/fr-ch\/wp-json\/wp\/v2\/woo-feed-brand?post=64387"}],"curies":[{"name":"wp","href":"https:\/\/api.w.org\/{rel}","templated":true}]}}