{"id":64363,"date":"2025-10-13T15:19:12","date_gmt":"2025-10-13T13:19:12","guid":{"rendered":"https:\/\/www.fleurop-home.ch\/de-ch\/p\/kerzenstaender-messing-look8x20cm"},"modified":"2026-01-12T13:53:18","modified_gmt":"2026-01-12T12:53:18","slug":"bougeoir-en-laiton-look8x20cm","status":"publish","type":"product","link":"https:\/\/www.fleurop-home.ch\/fr-ch\/p\/kerzenstaender-messing-look8x20cm","title":{"rendered":"Chandelier laiton look,8x20cm"},"content":{"rendered":"<p>Notre \u00e9l\u00e9gant chandelier en laiton dor\u00e9 brillant ajoute une touche d'\u00e9l\u00e9gance \u00e0 ta maison ou \u00e0 des occasions sp\u00e9ciales comme un mariage ou une f\u00eate. Ce chandelier de 20 cm de haut est sp\u00e9cialement con\u00e7u pour les bougies \u00e0 tige et pointues et s'harmonise parfaitement avec nos autres options de taille (30 cm et 25 cm) pour des compositions \u00e9l\u00e9gantes. Gr\u00e2ce aux fonds en velours, tes meubles ne seront pas ray\u00e9s pendant que tu profiteras de la chaleur et de la beaut\u00e9 des bougies.<\/p>\n<p>- Id\u00e9al pour les bougies \u00e0 tige et pointues d'un diam\u00e8tre de 2 \u00e0 2,2 cm<br \/>\n- Disponible en diff\u00e9rentes hauteurs (30 cm, 25 cm et 20 cm) pour des d\u00e9corations vari\u00e9es<br \/>\n- La finition brillante en laiton assure une esth\u00e9tique \u00e9l\u00e9gante et intemporelle<br \/>\n- Parfait pour les mariages, les d\u00eeners, les f\u00eates ou comme d\u00e9coration \u00e9l\u00e9gante dans ta maison<br \/>\n- \u00c9quip\u00e9 de fonds en velours pour prot\u00e9ger tes meubles des rayures<br \/>\n- Construction m\u00e9tallique de haute qualit\u00e9 pour la durabilit\u00e9 et la stabilit\u00e9<\/p>","protected":false},"excerpt":{"rendered":"<p>Bougeoir pour bougies sur tige en laiton dor\u00e9, \u00d8 8 x H 20 cm<\/p>","protected":false},"featured_media":64362,"template":"","meta":[],"product_brand":[],"product_cat":[104,23,1000,999,909,1179,911,28],"product_tag":[324],"woo-feed-brand":[],"class_list":{"0":"post-64363","1":"product","2":"type-product","3":"status-publish","4":"has-post-thumbnail","6":"product_cat-kerzenhalter","7":"product_cat-home-living","8":"product_cat-valentinstagsdeko","9":"product_cat-valentinstag","10":"product_cat-weihnachten","11":"product_cat-weihnachtsdeko","12":"product_cat-accessoires","13":"product_cat-kerzen-lichter","14":"product_tag-marein-ag","16":"first","17":"instock","18":"taxable","19":"shipping-taxable","20":"purchasable","21":"product-type-simple"},"_links":{"self":[{"href":"https:\/\/www.fleurop-home.ch\/fr-ch\/wp-json\/wp\/v2\/product\/64363","targetHints":{"allow":["GET"]}}],"collection":[{"href":"https:\/\/www.fleurop-home.ch\/fr-ch\/wp-json\/wp\/v2\/product"}],"about":[{"href":"https:\/\/www.fleurop-home.ch\/fr-ch\/wp-json\/wp\/v2\/types\/product"}],"wp:featuredmedia":[{"embeddable":true,"href":"https:\/\/www.fleurop-home.ch\/fr-ch\/wp-json\/wp\/v2\/media\/64362"}],"wp:attachment":[{"href":"https:\/\/www.fleurop-home.ch\/fr-ch\/wp-json\/wp\/v2\/media?parent=64363"}],"wp:term":[{"taxonomy":"product_brand","embeddable":true,"href":"https:\/\/www.fleurop-home.ch\/fr-ch\/wp-json\/wp\/v2\/product_brand?post=64363"},{"taxonomy":"product_cat","embeddable":true,"href":"https:\/\/www.fleurop-home.ch\/fr-ch\/wp-json\/wp\/v2\/product_cat?post=64363"},{"taxonomy":"product_tag","embeddable":true,"href":"https:\/\/www.fleurop-home.ch\/fr-ch\/wp-json\/wp\/v2\/product_tag?post=64363"},{"taxonomy":"woo-feed-brand","embeddable":true,"href":"https:\/\/www.fleurop-home.ch\/fr-ch\/wp-json\/wp\/v2\/woo-feed-brand?post=64363"}],"curies":[{"name":"wp","href":"https:\/\/api.w.org\/{rel}","templated":true}]}}