{"id":64336,"date":"2025-10-13T15:17:53","date_gmt":"2025-10-13T13:17:53","guid":{"rendered":"https:\/\/www.fleurop-home.ch\/de-ch\/p\/o75cm-christmas-weihnachtsbaum-decke-tannenbaum"},"modified":"2026-01-05T14:05:32","modified_gmt":"2026-01-05T13:05:32","slug":"couverture-de-sapin-de-noel-o75cm","status":"publish","type":"product","link":"https:\/\/www.fleurop-home.ch\/fr-ch\/p\/weihnachtsbaum-decke-o75cm","title":{"rendered":"Couverture de l'arbre de No\u00ebl \u00d875cm"},"content":{"rendered":"<p>Mets une ambiance de No\u00ebl sous ton sapin !<\/p>\n<p>Avec cette couverture pratique en peluche, tu as non seulement un support pratique, mais aussi un article de d\u00e9coration mignon pour ton sapin de No\u00ebl. Une fois plac\u00e9e autour du sapin et assembl\u00e9e avec le velcro, la couverture recueille d'une part les aiguilles de sapin qui tombent et recouvre d'autre part le support du sapin de No\u00ebl - le tout dans un look doux et pelucheux.<\/p>\n<p>- Assembler avec du velcro<br \/>\n- Id\u00e9al pour couvrir le pied de l'arbre de No\u00ebl<br \/>\n- Couleur : blanc<br \/>\n- Mat\u00e9riel : peluche<br \/>\n- Diam\u00e8tre ext\u00e9rieur : environ 75 cm<br \/>\n- Diam\u00e8tre int\u00e9rieur : environ 10 cm<\/p>","protected":false},"excerpt":{"rendered":"<p>Christmas Arbre de No\u00ebl Couverture Sapin Jupe - Blanc, \u00d875cm<\/p>","protected":false},"featured_media":65981,"template":"","meta":[],"product_brand":[],"product_cat":[31,23,909,1179,911],"product_tag":[324],"woo-feed-brand":[],"class_list":{"0":"post-64336","1":"product","2":"type-product","3":"status-publish","4":"has-post-thumbnail","6":"product_cat-heimtextilien","7":"product_cat-home-living","8":"product_cat-weihnachten","9":"product_cat-weihnachtsdeko","10":"product_cat-accessoires","11":"product_tag-marein-ag","13":"first","14":"instock","15":"taxable","16":"shipping-taxable","17":"purchasable","18":"product-type-simple"},"_links":{"self":[{"href":"https:\/\/www.fleurop-home.ch\/fr-ch\/wp-json\/wp\/v2\/product\/64336","targetHints":{"allow":["GET"]}}],"collection":[{"href":"https:\/\/www.fleurop-home.ch\/fr-ch\/wp-json\/wp\/v2\/product"}],"about":[{"href":"https:\/\/www.fleurop-home.ch\/fr-ch\/wp-json\/wp\/v2\/types\/product"}],"wp:featuredmedia":[{"embeddable":true,"href":"https:\/\/www.fleurop-home.ch\/fr-ch\/wp-json\/wp\/v2\/media\/65981"}],"wp:attachment":[{"href":"https:\/\/www.fleurop-home.ch\/fr-ch\/wp-json\/wp\/v2\/media?parent=64336"}],"wp:term":[{"taxonomy":"product_brand","embeddable":true,"href":"https:\/\/www.fleurop-home.ch\/fr-ch\/wp-json\/wp\/v2\/product_brand?post=64336"},{"taxonomy":"product_cat","embeddable":true,"href":"https:\/\/www.fleurop-home.ch\/fr-ch\/wp-json\/wp\/v2\/product_cat?post=64336"},{"taxonomy":"product_tag","embeddable":true,"href":"https:\/\/www.fleurop-home.ch\/fr-ch\/wp-json\/wp\/v2\/product_tag?post=64336"},{"taxonomy":"woo-feed-brand","embeddable":true,"href":"https:\/\/www.fleurop-home.ch\/fr-ch\/wp-json\/wp\/v2\/woo-feed-brand?post=64336"}],"curies":[{"name":"wp","href":"https:\/\/api.w.org\/{rel}","templated":true}]}}