{"id":64328,"date":"2025-10-13T15:17:37","date_gmt":"2025-10-13T13:17:37","guid":{"rendered":"https:\/\/www.fleurop-home.ch\/de-ch\/p\/keramikvase-carre-blau13-5x25cm"},"modified":"2026-01-05T14:05:32","modified_gmt":"2026-01-05T13:05:32","slug":"vase-en-ceramique-carre-bleu13-5x25cm","status":"publish","type":"product","link":"https:\/\/www.fleurop-home.ch\/fr-ch\/p\/keramikvase-carre-blau13-5x25cm","title":{"rendered":"Vase en c\u00e9ramique, bleu carr\u00e9,13.5x25cm"},"content":{"rendered":"<p>Notre vase en c\u00e9ramique \u00e0 carreaux bleus et blancs tr\u00e8s tendance, H 25 cm x \u00d8 14 cm, ajoute une touche moderne \u00e0 ton int\u00e9rieur. Ce vase haut est parfait pour les grands bouquets de fleurs, les fleurs individuelles ou les branches d\u00e9coratives. Fabriqu\u00e9 en c\u00e9ramique de haute qualit\u00e9 et \u00e9maill\u00e9, il enthousiasme par son design \u00e9l\u00e9gant. Mets habilement l'accent avec ce vase et laisse tes fleurs s'\u00e9panouir dans toute leur splendeur.<\/p>\n<p>- Vase haut \u00e0 carreaux bleus et blancs<br \/>\n- Dimensions : hauteur 25 cm x diam\u00e8tre 14 cm, ouverture 9 cm<br \/>\n- Convient pour les grands bouquets de fleurs, ainsi que pour les fleurs et les branches individuelles<br \/>\n- Fabriqu\u00e9 en c\u00e9ramique de haute qualit\u00e9 et \u00e9maill\u00e9<\/p>","protected":false},"excerpt":{"rendered":"<p>Vase en c\u00e9ramique \u00e0 carreaux bleus et blancs, H 25 cm x \u00d8 14 cm<\/p>","protected":false},"featured_media":64327,"template":"","meta":[],"product_brand":[],"product_cat":[27,23,1197],"product_tag":[324],"woo-feed-brand":[],"class_list":{"0":"post-64328","1":"product","2":"type-product","3":"status-publish","4":"has-post-thumbnail","6":"product_cat-vasen-gefaesse","7":"product_cat-home-living","8":"product_cat-vasen","9":"product_tag-marein-ag","11":"first","12":"instock","13":"taxable","14":"shipping-taxable","15":"purchasable","16":"product-type-simple"},"_links":{"self":[{"href":"https:\/\/www.fleurop-home.ch\/fr-ch\/wp-json\/wp\/v2\/product\/64328","targetHints":{"allow":["GET"]}}],"collection":[{"href":"https:\/\/www.fleurop-home.ch\/fr-ch\/wp-json\/wp\/v2\/product"}],"about":[{"href":"https:\/\/www.fleurop-home.ch\/fr-ch\/wp-json\/wp\/v2\/types\/product"}],"wp:featuredmedia":[{"embeddable":true,"href":"https:\/\/www.fleurop-home.ch\/fr-ch\/wp-json\/wp\/v2\/media\/64327"}],"wp:attachment":[{"href":"https:\/\/www.fleurop-home.ch\/fr-ch\/wp-json\/wp\/v2\/media?parent=64328"}],"wp:term":[{"taxonomy":"product_brand","embeddable":true,"href":"https:\/\/www.fleurop-home.ch\/fr-ch\/wp-json\/wp\/v2\/product_brand?post=64328"},{"taxonomy":"product_cat","embeddable":true,"href":"https:\/\/www.fleurop-home.ch\/fr-ch\/wp-json\/wp\/v2\/product_cat?post=64328"},{"taxonomy":"product_tag","embeddable":true,"href":"https:\/\/www.fleurop-home.ch\/fr-ch\/wp-json\/wp\/v2\/product_tag?post=64328"},{"taxonomy":"woo-feed-brand","embeddable":true,"href":"https:\/\/www.fleurop-home.ch\/fr-ch\/wp-json\/wp\/v2\/woo-feed-brand?post=64328"}],"curies":[{"name":"wp","href":"https:\/\/api.w.org\/{rel}","templated":true}]}}