{"id":64307,"date":"2025-10-13T15:17:04","date_gmt":"2025-10-13T13:17:04","guid":{"rendered":"https:\/\/www.fleurop-home.ch\/de-ch\/p\/maiskorb-natur-31x31xh26cm"},"modified":"2026-01-05T14:05:34","modified_gmt":"2026-01-05T13:05:34","slug":"corbeille-de-mais-nature-31x31xh26cm","status":"publish","type":"product","link":"https:\/\/www.fleurop-home.ch\/fr-ch\/p\/maiskorb-natur-31x31xh26cm","title":{"rendered":"Panier \u00e0 ma\u00efs, naturel, 31x31xH26cm"},"content":{"rendered":"<p>Ce panier de rangement clair en fibres naturelles tress\u00e9es est disponible en trois tailles, ce qui permet de ranger proprement des objets de diff\u00e9rentes tailles.<\/p>\n<p>- Panier de rangement fabriqu\u00e9 en fibres de ma\u00efs durables avec des poign\u00e9es pratiques et solides<br \/>\n- Id\u00e9al comme support pour pots de fleurs ou panier de rangement<br \/>\n- Diam\u00e8tre 31 cm, hauteur 26 cm<br \/>\n- Disponible en trois tailles pour des combinaisons particuli\u00e8rement jolies<\/p>","protected":false},"excerpt":{"rendered":"<p>Panier de rangement en fibres naturelles claires, 31 x 26 cm<\/p>","protected":false},"featured_media":66530,"template":"","meta":[],"product_brand":[],"product_cat":[32,23],"product_tag":[324],"woo-feed-brand":[],"class_list":{"0":"post-64307","1":"product","2":"type-product","3":"status-publish","4":"has-post-thumbnail","6":"product_cat-aufbewahrung","7":"product_cat-home-living","8":"product_tag-marein-ag","10":"first","11":"instock","12":"taxable","13":"shipping-taxable","14":"purchasable","15":"product-type-simple"},"_links":{"self":[{"href":"https:\/\/www.fleurop-home.ch\/fr-ch\/wp-json\/wp\/v2\/product\/64307","targetHints":{"allow":["GET"]}}],"collection":[{"href":"https:\/\/www.fleurop-home.ch\/fr-ch\/wp-json\/wp\/v2\/product"}],"about":[{"href":"https:\/\/www.fleurop-home.ch\/fr-ch\/wp-json\/wp\/v2\/types\/product"}],"wp:featuredmedia":[{"embeddable":true,"href":"https:\/\/www.fleurop-home.ch\/fr-ch\/wp-json\/wp\/v2\/media\/66530"}],"wp:attachment":[{"href":"https:\/\/www.fleurop-home.ch\/fr-ch\/wp-json\/wp\/v2\/media?parent=64307"}],"wp:term":[{"taxonomy":"product_brand","embeddable":true,"href":"https:\/\/www.fleurop-home.ch\/fr-ch\/wp-json\/wp\/v2\/product_brand?post=64307"},{"taxonomy":"product_cat","embeddable":true,"href":"https:\/\/www.fleurop-home.ch\/fr-ch\/wp-json\/wp\/v2\/product_cat?post=64307"},{"taxonomy":"product_tag","embeddable":true,"href":"https:\/\/www.fleurop-home.ch\/fr-ch\/wp-json\/wp\/v2\/product_tag?post=64307"},{"taxonomy":"woo-feed-brand","embeddable":true,"href":"https:\/\/www.fleurop-home.ch\/fr-ch\/wp-json\/wp\/v2\/woo-feed-brand?post=64307"}],"curies":[{"name":"wp","href":"https:\/\/api.w.org\/{rel}","templated":true}]}}