{"id":64275,"date":"2025-10-13T15:15:59","date_gmt":"2025-10-13T13:15:59","guid":{"rendered":"https:\/\/www.fleurop-home.ch\/de-ch\/p\/metallkorb-mit-jute-20x18cm"},"modified":"2026-01-05T14:05:37","modified_gmt":"2026-01-05T13:05:37","slug":"panier-en-metal-avec-jute-20x18cm","status":"publish","type":"product","link":"https:\/\/www.fleurop-home.ch\/fr-ch\/p\/metallkorb-mit-jute-20x18cm","title":{"rendered":"Panier en m\u00e9tal avec jute, 20x18cm"},"content":{"rendered":"<p>Le panier en jute avec film int\u00e9gr\u00e9 est id\u00e9al pour la plantation et donne un look industriel. Le panier en jute se d\u00e9tache facilement du panier m\u00e9tallique et peut donc \u00eatre utilis\u00e9 individuellement.<\/p>\n<p>- Set compos\u00e9 d'un panier en m\u00e9tal et d'un panier en jute amovible<br \/>\n- Film int\u00e9gr\u00e9 pratique qui prot\u00e8ge des liquides et de la salet\u00e9<br \/>\n- Id\u00e9al comme pot de fleurs ou pour conserver les fruits et les l\u00e9gumes dans la cuisine<br \/>\n- Design industriel<br \/>\n- Diam\u00e8tre 20 cm, hauteur 18 cm<\/p>","protected":false},"excerpt":{"rendered":"<p>Panier en jute avec housse m\u00e9tallique, 20 x 18 cm<\/p>","protected":false},"featured_media":64274,"template":"","meta":[],"product_brand":[],"product_cat":[27,23,1199],"product_tag":[324],"woo-feed-brand":[],"class_list":{"0":"post-64275","1":"product","2":"type-product","3":"status-publish","4":"has-post-thumbnail","6":"product_cat-vasen-gefaesse","7":"product_cat-home-living","8":"product_cat-koerbe","9":"product_tag-marein-ag","11":"first","12":"instock","13":"taxable","14":"shipping-taxable","15":"purchasable","16":"product-type-simple"},"_links":{"self":[{"href":"https:\/\/www.fleurop-home.ch\/fr-ch\/wp-json\/wp\/v2\/product\/64275","targetHints":{"allow":["GET"]}}],"collection":[{"href":"https:\/\/www.fleurop-home.ch\/fr-ch\/wp-json\/wp\/v2\/product"}],"about":[{"href":"https:\/\/www.fleurop-home.ch\/fr-ch\/wp-json\/wp\/v2\/types\/product"}],"wp:featuredmedia":[{"embeddable":true,"href":"https:\/\/www.fleurop-home.ch\/fr-ch\/wp-json\/wp\/v2\/media\/64274"}],"wp:attachment":[{"href":"https:\/\/www.fleurop-home.ch\/fr-ch\/wp-json\/wp\/v2\/media?parent=64275"}],"wp:term":[{"taxonomy":"product_brand","embeddable":true,"href":"https:\/\/www.fleurop-home.ch\/fr-ch\/wp-json\/wp\/v2\/product_brand?post=64275"},{"taxonomy":"product_cat","embeddable":true,"href":"https:\/\/www.fleurop-home.ch\/fr-ch\/wp-json\/wp\/v2\/product_cat?post=64275"},{"taxonomy":"product_tag","embeddable":true,"href":"https:\/\/www.fleurop-home.ch\/fr-ch\/wp-json\/wp\/v2\/product_tag?post=64275"},{"taxonomy":"woo-feed-brand","embeddable":true,"href":"https:\/\/www.fleurop-home.ch\/fr-ch\/wp-json\/wp\/v2\/woo-feed-brand?post=64275"}],"curies":[{"name":"wp","href":"https:\/\/api.w.org\/{rel}","templated":true}]}}