{"id":64250,"date":"2025-10-13T15:15:19","date_gmt":"2025-10-13T13:15:19","guid":{"rendered":"https:\/\/www.fleurop-home.ch\/de-ch\/p\/schmuckkaestchen-grau-10cm"},"modified":"2026-01-05T14:05:39","modified_gmt":"2026-01-05T13:05:39","slug":"boite-a-bijoux-grise-10cm","status":"publish","type":"product","link":"https:\/\/www.fleurop-home.ch\/fr-ch\/p\/schmuckkaestchen-grau-10cm","title":{"rendered":"Bo\u00eete \u00e0 bijoux, grise, 10cm"},"content":{"rendered":"<p>Cette bo\u00eete de rangement ronde avec couvercle et poign\u00e9e en cuir fin en \u00e9mail gris est un v\u00e9ritable accroche-regard et peut \u00eatre utilis\u00e9e de diff\u00e9rentes mani\u00e8res. Que ce soit pour ranger de petits objets ou pour ranger du th\u00e9, c'est une aide m\u00e9nag\u00e8re intemporelle.<\/p>\n<p>- La bo\u00eete est id\u00e9ale pour ranger de petites choses ou pour les bougies.<br \/>\n- La poign\u00e9e en cuir facilite l'ouverture de la bo\u00eete<br \/>\n- Dimensions : D 7,5 cm x H 10,5 cm<br \/>\n- Volume : 275 ml<\/p>","protected":false},"excerpt":{"rendered":"<p>Bo\u00eete de rangement ronde grise en fa\u00efence avec couvercle et poign\u00e9e en cuir, \u00d8 7.5 cm x H 10.5 cm, 275 ml<\/p>","protected":false},"featured_media":64249,"template":"","meta":[],"product_brand":[],"product_cat":[30,23,32,42,44],"product_tag":[324],"woo-feed-brand":[],"class_list":{"0":"post-64250","1":"product","2":"type-product","3":"status-publish","4":"has-post-thumbnail","6":"product_cat-deko-accessoires","7":"product_cat-home-living","8":"product_cat-aufbewahrung","9":"product_cat-kueche","10":"product_cat-kuechenhelfer","11":"product_tag-marein-ag","13":"first","14":"instock","15":"taxable","16":"shipping-taxable","17":"purchasable","18":"product-type-simple"},"_links":{"self":[{"href":"https:\/\/www.fleurop-home.ch\/fr-ch\/wp-json\/wp\/v2\/product\/64250","targetHints":{"allow":["GET"]}}],"collection":[{"href":"https:\/\/www.fleurop-home.ch\/fr-ch\/wp-json\/wp\/v2\/product"}],"about":[{"href":"https:\/\/www.fleurop-home.ch\/fr-ch\/wp-json\/wp\/v2\/types\/product"}],"wp:featuredmedia":[{"embeddable":true,"href":"https:\/\/www.fleurop-home.ch\/fr-ch\/wp-json\/wp\/v2\/media\/64249"}],"wp:attachment":[{"href":"https:\/\/www.fleurop-home.ch\/fr-ch\/wp-json\/wp\/v2\/media?parent=64250"}],"wp:term":[{"taxonomy":"product_brand","embeddable":true,"href":"https:\/\/www.fleurop-home.ch\/fr-ch\/wp-json\/wp\/v2\/product_brand?post=64250"},{"taxonomy":"product_cat","embeddable":true,"href":"https:\/\/www.fleurop-home.ch\/fr-ch\/wp-json\/wp\/v2\/product_cat?post=64250"},{"taxonomy":"product_tag","embeddable":true,"href":"https:\/\/www.fleurop-home.ch\/fr-ch\/wp-json\/wp\/v2\/product_tag?post=64250"},{"taxonomy":"woo-feed-brand","embeddable":true,"href":"https:\/\/www.fleurop-home.ch\/fr-ch\/wp-json\/wp\/v2\/woo-feed-brand?post=64250"}],"curies":[{"name":"wp","href":"https:\/\/api.w.org\/{rel}","templated":true}]}}