{"id":64243,"date":"2025-10-13T15:15:07","date_gmt":"2025-10-13T13:15:07","guid":{"rendered":"https:\/\/www.fleurop-home.ch\/de-ch\/p\/seifenspender-keramik-beige"},"modified":"2026-01-05T14:05:39","modified_gmt":"2026-01-05T13:05:39","slug":"distributeur-de-savon-en-ceramique-beige","status":"publish","type":"product","link":"https:\/\/www.fleurop-home.ch\/fr-ch\/p\/seifenspender-keramik-beige","title":{"rendered":"Distributeur de savon, c\u00e9ramique, beige"},"content":{"rendered":"<p>El\u00e9gant distributeur de savon dans un beau beige avec une finition rugueuse et un distributeur en plastique de haute qualit\u00e9. Se d\u00e9visse facilement et se remplit \u00e0 nouveau. S'int\u00e8gre \u00e0 merveille dans la cuisine et la salle de bain.<\/p>\n<p>- Convient pour le savon et la lotion<br \/>\n- Fa\u00efence de haute qualit\u00e9 avec un \u00e9mail noble et une finition sableuse de haute qualit\u00e9<br \/>\n- Facile \u00e0 remplir<br \/>\n- Joint de fermeture m\u00e9tallique<br \/>\n- Capuchon en plastique avec fermeture \u00e0 vis<br \/>\n- Convient pour le savon et la lotion<br \/>\n- Contient 400 ml de liquide<\/p>","protected":false},"excerpt":{"rendered":"<p>Distributeur de savon argent\u00e9 en fa\u00efence \u00e9maill\u00e9e beige<\/p>","protected":false},"featured_media":64242,"template":"","meta":[],"product_brand":[],"product_cat":[50,48,49],"product_tag":[324],"woo-feed-brand":[],"class_list":{"0":"post-64243","1":"product","2":"type-product","3":"status-publish","4":"has-post-thumbnail","6":"product_cat-badezubehoer","7":"product_cat-bad-wellness","8":"product_cat-seifen","9":"product_tag-marein-ag","11":"first","12":"instock","13":"taxable","14":"shipping-taxable","15":"purchasable","16":"product-type-simple"},"_links":{"self":[{"href":"https:\/\/www.fleurop-home.ch\/fr-ch\/wp-json\/wp\/v2\/product\/64243","targetHints":{"allow":["GET"]}}],"collection":[{"href":"https:\/\/www.fleurop-home.ch\/fr-ch\/wp-json\/wp\/v2\/product"}],"about":[{"href":"https:\/\/www.fleurop-home.ch\/fr-ch\/wp-json\/wp\/v2\/types\/product"}],"wp:featuredmedia":[{"embeddable":true,"href":"https:\/\/www.fleurop-home.ch\/fr-ch\/wp-json\/wp\/v2\/media\/64242"}],"wp:attachment":[{"href":"https:\/\/www.fleurop-home.ch\/fr-ch\/wp-json\/wp\/v2\/media?parent=64243"}],"wp:term":[{"taxonomy":"product_brand","embeddable":true,"href":"https:\/\/www.fleurop-home.ch\/fr-ch\/wp-json\/wp\/v2\/product_brand?post=64243"},{"taxonomy":"product_cat","embeddable":true,"href":"https:\/\/www.fleurop-home.ch\/fr-ch\/wp-json\/wp\/v2\/product_cat?post=64243"},{"taxonomy":"product_tag","embeddable":true,"href":"https:\/\/www.fleurop-home.ch\/fr-ch\/wp-json\/wp\/v2\/product_tag?post=64243"},{"taxonomy":"woo-feed-brand","embeddable":true,"href":"https:\/\/www.fleurop-home.ch\/fr-ch\/wp-json\/wp\/v2\/woo-feed-brand?post=64243"}],"curies":[{"name":"wp","href":"https:\/\/api.w.org\/{rel}","templated":true}]}}