{"id":64238,"date":"2025-10-13T15:14:53","date_gmt":"2025-10-13T13:14:53","guid":{"rendered":"https:\/\/www.fleurop-home.ch\/de-ch\/p\/runde-steinkiste-beige-h16-7-x-d10cm"},"modified":"2026-01-05T14:05:39","modified_gmt":"2026-01-05T13:05:39","slug":"caisse-en-pierre-ronde-beige-h16-7-x-d10cm","status":"publish","type":"product","link":"https:\/\/www.fleurop-home.ch\/fr-ch\/p\/runde-steinkiste-beige-h16-7-x-d10cm","title":{"rendered":"Caisse en pierre ronde, beige, H16.7 x D10cm"},"content":{"rendered":"<p>Belle caisse en pierre beige avec une finition rugueuse. Id\u00e9al pour conserver les aliments secs dans la cuisine ou les ustensiles dans la salle de bain. Gr\u00e2ce au sceau en silicone et au couvercle en bambou, tout se ferme proprement et se conserve avec style.<\/p>\n<p>- R\u00e9cipient \u00e9tanche \u00e0 l'air avec couvercle en bambou et sceau en silicone<br \/>\n- Id\u00e9al pour conserver les aliments secs comme les herbes, les biscuits, les \u00e9pices, les c\u00e9r\u00e9ales, le caf\u00e9<br \/>\n- Bidon en fa\u00efence durable avec \u00e9mail r\u00e9actif et partie inf\u00e9rieure rugueuse et mouchet\u00e9e<br \/>\n- Chaque produit est fait \u00e0 la main, le gla\u00e7age peut donc \u00eatre diff\u00e9rent.<br \/>\n- Contient 1L de liquide<br \/>\n- hauteur 16.7 cm, diam\u00e8tre 10 cm<\/p>","protected":false},"excerpt":{"rendered":"<p>Bo\u00eete ronde en fa\u00efence avec \u00e9mail beige et couvercle en bambou, 1 L, H 16.7 x \u00d8 10 cm<\/p>","protected":false},"featured_media":64237,"template":"","meta":[],"product_brand":[],"product_cat":[44,23,32,30,42],"product_tag":[324],"woo-feed-brand":[],"class_list":{"0":"post-64238","1":"product","2":"type-product","3":"status-publish","4":"has-post-thumbnail","6":"product_cat-kuechenhelfer","7":"product_cat-home-living","8":"product_cat-aufbewahrung","9":"product_cat-deko-accessoires","10":"product_cat-kueche","11":"product_tag-marein-ag","13":"first","14":"instock","15":"taxable","16":"shipping-taxable","17":"purchasable","18":"product-type-simple"},"_links":{"self":[{"href":"https:\/\/www.fleurop-home.ch\/fr-ch\/wp-json\/wp\/v2\/product\/64238","targetHints":{"allow":["GET"]}}],"collection":[{"href":"https:\/\/www.fleurop-home.ch\/fr-ch\/wp-json\/wp\/v2\/product"}],"about":[{"href":"https:\/\/www.fleurop-home.ch\/fr-ch\/wp-json\/wp\/v2\/types\/product"}],"wp:featuredmedia":[{"embeddable":true,"href":"https:\/\/www.fleurop-home.ch\/fr-ch\/wp-json\/wp\/v2\/media\/64237"}],"wp:attachment":[{"href":"https:\/\/www.fleurop-home.ch\/fr-ch\/wp-json\/wp\/v2\/media?parent=64238"}],"wp:term":[{"taxonomy":"product_brand","embeddable":true,"href":"https:\/\/www.fleurop-home.ch\/fr-ch\/wp-json\/wp\/v2\/product_brand?post=64238"},{"taxonomy":"product_cat","embeddable":true,"href":"https:\/\/www.fleurop-home.ch\/fr-ch\/wp-json\/wp\/v2\/product_cat?post=64238"},{"taxonomy":"product_tag","embeddable":true,"href":"https:\/\/www.fleurop-home.ch\/fr-ch\/wp-json\/wp\/v2\/product_tag?post=64238"},{"taxonomy":"woo-feed-brand","embeddable":true,"href":"https:\/\/www.fleurop-home.ch\/fr-ch\/wp-json\/wp\/v2\/woo-feed-brand?post=64238"}],"curies":[{"name":"wp","href":"https:\/\/api.w.org\/{rel}","templated":true}]}}