{"id":64233,"date":"2025-10-13T15:14:39","date_gmt":"2025-10-13T13:14:39","guid":{"rendered":"https:\/\/www.fleurop-home.ch\/de-ch\/p\/skandi-korb-schwarz-19x9-5"},"modified":"2026-03-11T09:23:14","modified_gmt":"2026-03-11T08:23:14","slug":"skandi-panier-noir-19x9-5","status":"publish","type":"product","link":"https:\/\/www.fleurop-home.ch\/fr-ch\/p\/skandi-korb-schwarz-19x9-5","title":{"rendered":"Panier Skandi, noir, 19\u00d79.5"},"content":{"rendered":"<p>Un panier de rangement cool qui peut \u00eatre utilis\u00e9 de diff\u00e9rentes mani\u00e8res. Que ce soit comme coupe \u00e0 fruits ou pour conserver de petits objets, ce panier m\u00e9tallique au design scandinave simple est parfait.<\/p>\n<p>- Petit panier m\u00e9tallique minimaliste au look scandi<br \/>\n- En m\u00e9tal noir mat<br \/>\n- Id\u00e9al pour conserver les fruits, les l\u00e9gumes et pour servir les petits pains<br \/>\n- 20 cm de large, 10,5 cm de haut<\/p>","protected":false},"excerpt":{"rendered":"<p>Panier m\u00e9tallique Scandi noir mat, 20 x 10 cm<\/p>","protected":false},"featured_media":64232,"template":"","meta":[],"product_brand":[],"product_cat":[44,23,32,42],"product_tag":[324],"woo-feed-brand":[],"class_list":{"0":"post-64233","1":"product","2":"type-product","3":"status-publish","4":"has-post-thumbnail","6":"product_cat-kuechenhelfer","7":"product_cat-home-living","8":"product_cat-aufbewahrung","9":"product_cat-kueche","10":"product_tag-marein-ag","12":"first","13":"instock","14":"taxable","15":"shipping-taxable","16":"purchasable","17":"product-type-simple"},"_links":{"self":[{"href":"https:\/\/www.fleurop-home.ch\/fr-ch\/wp-json\/wp\/v2\/product\/64233","targetHints":{"allow":["GET"]}}],"collection":[{"href":"https:\/\/www.fleurop-home.ch\/fr-ch\/wp-json\/wp\/v2\/product"}],"about":[{"href":"https:\/\/www.fleurop-home.ch\/fr-ch\/wp-json\/wp\/v2\/types\/product"}],"wp:featuredmedia":[{"embeddable":true,"href":"https:\/\/www.fleurop-home.ch\/fr-ch\/wp-json\/wp\/v2\/media\/64232"}],"wp:attachment":[{"href":"https:\/\/www.fleurop-home.ch\/fr-ch\/wp-json\/wp\/v2\/media?parent=64233"}],"wp:term":[{"taxonomy":"product_brand","embeddable":true,"href":"https:\/\/www.fleurop-home.ch\/fr-ch\/wp-json\/wp\/v2\/product_brand?post=64233"},{"taxonomy":"product_cat","embeddable":true,"href":"https:\/\/www.fleurop-home.ch\/fr-ch\/wp-json\/wp\/v2\/product_cat?post=64233"},{"taxonomy":"product_tag","embeddable":true,"href":"https:\/\/www.fleurop-home.ch\/fr-ch\/wp-json\/wp\/v2\/product_tag?post=64233"},{"taxonomy":"woo-feed-brand","embeddable":true,"href":"https:\/\/www.fleurop-home.ch\/fr-ch\/wp-json\/wp\/v2\/woo-feed-brand?post=64233"}],"curies":[{"name":"wp","href":"https:\/\/api.w.org\/{rel}","templated":true}]}}