{"id":64228,"date":"2025-10-13T15:14:18","date_gmt":"2025-10-13T13:14:18","guid":{"rendered":"https:\/\/www.fleurop-home.ch\/de-ch\/p\/keramik-dose-olive-11x12cm"},"modified":"2026-01-05T14:05:40","modified_gmt":"2026-01-05T13:05:40","slug":"boite-en-ceramique-olive-11x12cm","status":"publish","type":"product","link":"https:\/\/www.fleurop-home.ch\/fr-ch\/p\/keramik-dose-olive-11x12cm","title":{"rendered":"Bo\u00eete en c\u00e9ramique, olive, 11x12cm"},"content":{"rendered":"<p>La bo\u00eete en c\u00e9ramique avec son couvercle pratique en bambou est un must-have dans chaque cuisine. Elle t'aide \u00e0 faire de l'ordre tout en \u00e9tant tr\u00e8s esth\u00e9tique. Id\u00e9al pour conserver le th\u00e9 ou les aliments qui ne doivent pas \u00eatre ferm\u00e9s herm\u00e9tiquement. Avec le pichet au style assorti, tu obtiendras une combinaison particuli\u00e8rement belle sur l'\u00e9tag\u00e8re de la cuisine.<\/p>\n<p>- Id\u00e9al pour conserver les aliments secs comme les herbes, les biscuits, les \u00e9pices, les c\u00e9r\u00e9ales, le caf\u00e9<br \/>\n- Bo\u00eete en c\u00e9ramique durable<br \/>\n- Chaque produit est fait \u00e0 la main avec amour, donc le gla\u00e7age peut varier.<br \/>\n- hauteur 12 cm, diam\u00e8tre 11 cm<\/p>","protected":false},"excerpt":{"rendered":"<p>Bo\u00eete ronde en c\u00e9ramique vert olive avec couvercle en bois, \u00d8 11 cm x H 12 cm<\/p>","protected":false},"featured_media":64227,"template":"","meta":[],"product_brand":[],"product_cat":[44,23,32,42],"product_tag":[324],"woo-feed-brand":[],"class_list":{"0":"post-64228","1":"product","2":"type-product","3":"status-publish","4":"has-post-thumbnail","6":"product_cat-kuechenhelfer","7":"product_cat-home-living","8":"product_cat-aufbewahrung","9":"product_cat-kueche","10":"product_tag-marein-ag","12":"first","13":"instock","14":"taxable","15":"shipping-taxable","16":"purchasable","17":"product-type-simple"},"_links":{"self":[{"href":"https:\/\/www.fleurop-home.ch\/fr-ch\/wp-json\/wp\/v2\/product\/64228","targetHints":{"allow":["GET"]}}],"collection":[{"href":"https:\/\/www.fleurop-home.ch\/fr-ch\/wp-json\/wp\/v2\/product"}],"about":[{"href":"https:\/\/www.fleurop-home.ch\/fr-ch\/wp-json\/wp\/v2\/types\/product"}],"wp:featuredmedia":[{"embeddable":true,"href":"https:\/\/www.fleurop-home.ch\/fr-ch\/wp-json\/wp\/v2\/media\/64227"}],"wp:attachment":[{"href":"https:\/\/www.fleurop-home.ch\/fr-ch\/wp-json\/wp\/v2\/media?parent=64228"}],"wp:term":[{"taxonomy":"product_brand","embeddable":true,"href":"https:\/\/www.fleurop-home.ch\/fr-ch\/wp-json\/wp\/v2\/product_brand?post=64228"},{"taxonomy":"product_cat","embeddable":true,"href":"https:\/\/www.fleurop-home.ch\/fr-ch\/wp-json\/wp\/v2\/product_cat?post=64228"},{"taxonomy":"product_tag","embeddable":true,"href":"https:\/\/www.fleurop-home.ch\/fr-ch\/wp-json\/wp\/v2\/product_tag?post=64228"},{"taxonomy":"woo-feed-brand","embeddable":true,"href":"https:\/\/www.fleurop-home.ch\/fr-ch\/wp-json\/wp\/v2\/woo-feed-brand?post=64228"}],"curies":[{"name":"wp","href":"https:\/\/api.w.org\/{rel}","templated":true}]}}