{"id":64219,"date":"2025-10-13T15:13:48","date_gmt":"2025-10-13T13:13:48","guid":{"rendered":"https:\/\/www.fleurop-home.ch\/de-ch\/p\/totebag-peace-37x42cm"},"modified":"2026-01-05T14:05:41","modified_gmt":"2026-01-05T13:05:41","slug":"totebag-peace-37x42cm","status":"publish","type":"product","link":"https:\/\/www.fleurop-home.ch\/fr-ch\/p\/totebag-peace-37x42cm","title":{"rendered":"Totebag Peace, 37x42cm"},"content":{"rendered":"<p>Avec notre joli totebag, tu fais un geste pour la paix et pour la durabilit\u00e9. Il peut \u00eatre r\u00e9utilis\u00e9 de nombreuses fois et remplace les sacs en plastique ou en papier lorsque tu fais tes courses. Ce sac pratique est \u00e9galement parfait pour l'\u00e9cole ou la vie quotidienne. Gr\u00e2ce aux anses de 30 cm de haut, le sac peut \u00eatre port\u00e9 confortablement \u00e0 la main ou \u00e0 l'\u00e9paule. Gr\u00e2ce au tissu opaque et solide, le sac \u00e0 jupe est de tr\u00e8s grande qualit\u00e9.<\/p>\n<p>- Sac de transport solide en coton avec compartiment principal ouvert<br \/>\n- En tissu plus \u00e9pais et opaque<br \/>\n- Fais un signe avec l'imprim\u00e9 \"Together\".<br \/>\n- R\u00e9utilisable, remplace les sacs en plastique et les sacs en papier lorsque tu fais tes courses<br \/>\n- Anses de 30 cm de haut en tissu doux pour que le sac puisse \u00eatre port\u00e9 confortablement \u00e0 la main ou \u00e0 l'\u00e9paule<br \/>\n- Dimensions : (sans les anses) H 40 cm, L 35 cm<br \/>\n- 100% coton, 170 g \/m2<br \/>\n- Con\u00e7u par Esm\u00e9e<\/p>","protected":false},"excerpt":{"rendered":"<p>Sac Jutet \/ Totebag avec imprim\u00e9 \u201cTogether\u201d, 37 x 42 cm, extra solide<\/p>","protected":false},"featured_media":64218,"template":"","meta":[],"product_brand":[],"product_cat":[31,23],"product_tag":[324],"woo-feed-brand":[],"class_list":{"0":"post-64219","1":"product","2":"type-product","3":"status-publish","4":"has-post-thumbnail","6":"product_cat-heimtextilien","7":"product_cat-home-living","8":"product_tag-marein-ag","10":"first","11":"instock","12":"taxable","13":"shipping-taxable","14":"purchasable","15":"product-type-simple"},"_links":{"self":[{"href":"https:\/\/www.fleurop-home.ch\/fr-ch\/wp-json\/wp\/v2\/product\/64219","targetHints":{"allow":["GET"]}}],"collection":[{"href":"https:\/\/www.fleurop-home.ch\/fr-ch\/wp-json\/wp\/v2\/product"}],"about":[{"href":"https:\/\/www.fleurop-home.ch\/fr-ch\/wp-json\/wp\/v2\/types\/product"}],"wp:featuredmedia":[{"embeddable":true,"href":"https:\/\/www.fleurop-home.ch\/fr-ch\/wp-json\/wp\/v2\/media\/64218"}],"wp:attachment":[{"href":"https:\/\/www.fleurop-home.ch\/fr-ch\/wp-json\/wp\/v2\/media?parent=64219"}],"wp:term":[{"taxonomy":"product_brand","embeddable":true,"href":"https:\/\/www.fleurop-home.ch\/fr-ch\/wp-json\/wp\/v2\/product_brand?post=64219"},{"taxonomy":"product_cat","embeddable":true,"href":"https:\/\/www.fleurop-home.ch\/fr-ch\/wp-json\/wp\/v2\/product_cat?post=64219"},{"taxonomy":"product_tag","embeddable":true,"href":"https:\/\/www.fleurop-home.ch\/fr-ch\/wp-json\/wp\/v2\/product_tag?post=64219"},{"taxonomy":"woo-feed-brand","embeddable":true,"href":"https:\/\/www.fleurop-home.ch\/fr-ch\/wp-json\/wp\/v2\/woo-feed-brand?post=64219"}],"curies":[{"name":"wp","href":"https:\/\/api.w.org\/{rel}","templated":true}]}}