{"id":64198,"date":"2025-10-13T15:13:21","date_gmt":"2025-10-13T13:13:21","guid":{"rendered":"https:\/\/www.fleurop-home.ch\/de-ch\/p\/silikon-abwaschmatte-beige-30x40-2cm"},"modified":"2026-01-05T14:05:43","modified_gmt":"2026-01-05T13:05:43","slug":"tapis-de-silicone-a-vaisselle-beige-30x40-2cm","status":"publish","type":"product","link":"https:\/\/www.fleurop-home.ch\/fr-ch\/p\/silikon-abwaschmatte-beige-30x40-2cm","title":{"rendered":"Tapis \u00e0 vaisselle en silicone, beige, 30\u00d740.2cm"},"content":{"rendered":"<p>Pour tous ceux qui aiment l'\u00e9l\u00e9gance simple : Ce tapis d'\u00e9gouttage en silicone beige s'int\u00e8gre discr\u00e8tement dans chaque cuisine et garantit en m\u00eame temps des surfaces s\u00e8ches et propres. La structure finement rainur\u00e9e permet \u00e0 l'eau de s'\u00e9couler rapidement, tandis que le mat\u00e9riau antid\u00e9rapant de qualit\u00e9 alimentaire reste en place de mani\u00e8re fiable. Que ce soit pour la vaisselle, les verres ou comme support r\u00e9sistant \u00e0 la chaleur, ce tapis est fonctionnel, flexible et agr\u00e9ablement discret.<\/p>\n<p>- Tapis d'\u00e9gouttage antid\u00e9rapant en silicone de haute qualit\u00e9<br \/>\n- Beige discret - parfait pour un design de cuisine discret<br \/>\n- Structure rainur\u00e9e pour un s\u00e9chage rapide et propre<br \/>\n- Utilisable de mani\u00e8re flexible &amp; facile \u00e0 d\u00e9couper<br \/>\n- Taille : environ 40.2 \u00d7 30.2 cm<br \/>\n- Peut aussi \u00eatre utilis\u00e9 comme support r\u00e9sistant \u00e0 la chaleur<\/p>","protected":false},"excerpt":{"rendered":"<p>Tapis d'\u00e9gouttement antid\u00e9rapant en silicone, beige<\/p>","protected":false},"featured_media":65944,"template":"","meta":[],"product_brand":[],"product_cat":[44,42],"product_tag":[324],"woo-feed-brand":[],"class_list":{"0":"post-64198","1":"product","2":"type-product","3":"status-publish","4":"has-post-thumbnail","6":"product_cat-kuechenhelfer","7":"product_cat-kueche","8":"product_tag-marein-ag","10":"first","11":"instock","12":"taxable","13":"shipping-taxable","14":"purchasable","15":"product-type-simple"},"_links":{"self":[{"href":"https:\/\/www.fleurop-home.ch\/fr-ch\/wp-json\/wp\/v2\/product\/64198","targetHints":{"allow":["GET"]}}],"collection":[{"href":"https:\/\/www.fleurop-home.ch\/fr-ch\/wp-json\/wp\/v2\/product"}],"about":[{"href":"https:\/\/www.fleurop-home.ch\/fr-ch\/wp-json\/wp\/v2\/types\/product"}],"wp:featuredmedia":[{"embeddable":true,"href":"https:\/\/www.fleurop-home.ch\/fr-ch\/wp-json\/wp\/v2\/media\/65944"}],"wp:attachment":[{"href":"https:\/\/www.fleurop-home.ch\/fr-ch\/wp-json\/wp\/v2\/media?parent=64198"}],"wp:term":[{"taxonomy":"product_brand","embeddable":true,"href":"https:\/\/www.fleurop-home.ch\/fr-ch\/wp-json\/wp\/v2\/product_brand?post=64198"},{"taxonomy":"product_cat","embeddable":true,"href":"https:\/\/www.fleurop-home.ch\/fr-ch\/wp-json\/wp\/v2\/product_cat?post=64198"},{"taxonomy":"product_tag","embeddable":true,"href":"https:\/\/www.fleurop-home.ch\/fr-ch\/wp-json\/wp\/v2\/product_tag?post=64198"},{"taxonomy":"woo-feed-brand","embeddable":true,"href":"https:\/\/www.fleurop-home.ch\/fr-ch\/wp-json\/wp\/v2\/woo-feed-brand?post=64198"}],"curies":[{"name":"wp","href":"https:\/\/api.w.org\/{rel}","templated":true}]}}