{"id":64164,"date":"2025-10-13T15:12:38","date_gmt":"2025-10-13T13:12:38","guid":{"rendered":"https:\/\/www.fleurop-home.ch\/de-ch\/p\/haengekorb-hell-17cm"},"modified":"2026-01-05T14:05:47","modified_gmt":"2026-01-05T13:05:47","slug":"panier-suspendu-clair-17cm","status":"publish","type":"product","link":"https:\/\/www.fleurop-home.ch\/fr-ch\/p\/haengekorb-hell-17cm","title":{"rendered":"Panier suspendu, clair, 17cm"},"content":{"rendered":"<p>Notre panier en fibres d'herbe durables avec une languette de suspension pratique est la solution parfaite pour une organisation \u00e9l\u00e9gante. Que ce soit dans la cuisine, dans la salle de bain ou pour les plantes, ce panier polyvalent offre un soutien stable et peut \u00eatre pos\u00e9 ou suspendu. Avec son aspect naturel, il s'int\u00e8gre parfaitement dans chaque environnement et cr\u00e9e une atmosph\u00e8re harmonieuse.<\/p>\n<p>- Panier fabriqu\u00e9 en fibres d'herbe durables avec une languette de suspension pratique<br \/>\n- Id\u00e9al pour le rangement dans la cuisine et la salle de bain, ou pour les plantes<br \/>\n- Support stable, peut \u00eatre pos\u00e9 ou suspendu<br \/>\n- Diam\u00e8tre en haut 17 cm, diam\u00e8tre en bas 11 cm, hauteur 17 cm<\/p>","protected":false},"excerpt":{"rendered":"<p>Panier en fibres naturelles avec languette de suspension, \u00d8 17 cm<\/p>","protected":false},"featured_media":64163,"template":"","meta":[],"product_brand":[],"product_cat":[32,23],"product_tag":[324],"woo-feed-brand":[],"class_list":{"0":"post-64164","1":"product","2":"type-product","3":"status-publish","4":"has-post-thumbnail","6":"product_cat-aufbewahrung","7":"product_cat-home-living","8":"product_tag-marein-ag","10":"first","11":"instock","12":"taxable","13":"shipping-taxable","14":"purchasable","15":"product-type-simple"},"_links":{"self":[{"href":"https:\/\/www.fleurop-home.ch\/fr-ch\/wp-json\/wp\/v2\/product\/64164","targetHints":{"allow":["GET"]}}],"collection":[{"href":"https:\/\/www.fleurop-home.ch\/fr-ch\/wp-json\/wp\/v2\/product"}],"about":[{"href":"https:\/\/www.fleurop-home.ch\/fr-ch\/wp-json\/wp\/v2\/types\/product"}],"wp:featuredmedia":[{"embeddable":true,"href":"https:\/\/www.fleurop-home.ch\/fr-ch\/wp-json\/wp\/v2\/media\/64163"}],"wp:attachment":[{"href":"https:\/\/www.fleurop-home.ch\/fr-ch\/wp-json\/wp\/v2\/media?parent=64164"}],"wp:term":[{"taxonomy":"product_brand","embeddable":true,"href":"https:\/\/www.fleurop-home.ch\/fr-ch\/wp-json\/wp\/v2\/product_brand?post=64164"},{"taxonomy":"product_cat","embeddable":true,"href":"https:\/\/www.fleurop-home.ch\/fr-ch\/wp-json\/wp\/v2\/product_cat?post=64164"},{"taxonomy":"product_tag","embeddable":true,"href":"https:\/\/www.fleurop-home.ch\/fr-ch\/wp-json\/wp\/v2\/product_tag?post=64164"},{"taxonomy":"woo-feed-brand","embeddable":true,"href":"https:\/\/www.fleurop-home.ch\/fr-ch\/wp-json\/wp\/v2\/woo-feed-brand?post=64164"}],"curies":[{"name":"wp","href":"https:\/\/api.w.org\/{rel}","templated":true}]}}