{"id":64145,"date":"2025-10-13T15:12:12","date_gmt":"2025-10-13T13:12:12","guid":{"rendered":"https:\/\/www.fleurop-home.ch\/de-ch\/p\/korb-hell-d26x24cm"},"modified":"2026-01-05T14:05:47","modified_gmt":"2026-01-05T13:05:47","slug":"panier-clair-d26x24cm","status":"publish","type":"product","link":"https:\/\/www.fleurop-home.ch\/fr-ch\/p\/korb-hell-d26x24cm","title":{"rendered":"Panier, clair, D26x24cm"},"content":{"rendered":"<p>Notre panier haut en fibres d'herbe durables offre de multiples possibilit\u00e9s d'utilisation dans chaque maison. Qu'il serve de seau \u00e9l\u00e9gant, de cache-pot pour les r\u00e9cipients de plantes, de panier-cadeau ou de panier de rangement pratique, ce panier s\u00e9duit par sa tenue robuste et sa beaut\u00e9 naturelle.<\/p>\n<p>- Panier fabriqu\u00e9 \u00e0 partir de fibres d'herbe durables<br \/>\n- Id\u00e9al comme seau, cache-pot pour les pots de plantes, panier cadeau ou panier de rangement<br \/>\n- Maintien stable<br \/>\n- Diam\u00e8tre 25 cm, hauteur 24 cm<\/p>","protected":false},"excerpt":{"rendered":"<p>Panier haut en fibres naturelles, \u00d8 25 x H 24 cm<\/p>","protected":false},"featured_media":64144,"template":"","meta":[],"product_brand":[],"product_cat":[32,23],"product_tag":[324],"woo-feed-brand":[],"class_list":{"0":"post-64145","1":"product","2":"type-product","3":"status-publish","4":"has-post-thumbnail","6":"product_cat-aufbewahrung","7":"product_cat-home-living","8":"product_tag-marein-ag","10":"first","11":"instock","12":"taxable","13":"shipping-taxable","14":"purchasable","15":"product-type-simple"},"_links":{"self":[{"href":"https:\/\/www.fleurop-home.ch\/fr-ch\/wp-json\/wp\/v2\/product\/64145","targetHints":{"allow":["GET"]}}],"collection":[{"href":"https:\/\/www.fleurop-home.ch\/fr-ch\/wp-json\/wp\/v2\/product"}],"about":[{"href":"https:\/\/www.fleurop-home.ch\/fr-ch\/wp-json\/wp\/v2\/types\/product"}],"wp:featuredmedia":[{"embeddable":true,"href":"https:\/\/www.fleurop-home.ch\/fr-ch\/wp-json\/wp\/v2\/media\/64144"}],"wp:attachment":[{"href":"https:\/\/www.fleurop-home.ch\/fr-ch\/wp-json\/wp\/v2\/media?parent=64145"}],"wp:term":[{"taxonomy":"product_brand","embeddable":true,"href":"https:\/\/www.fleurop-home.ch\/fr-ch\/wp-json\/wp\/v2\/product_brand?post=64145"},{"taxonomy":"product_cat","embeddable":true,"href":"https:\/\/www.fleurop-home.ch\/fr-ch\/wp-json\/wp\/v2\/product_cat?post=64145"},{"taxonomy":"product_tag","embeddable":true,"href":"https:\/\/www.fleurop-home.ch\/fr-ch\/wp-json\/wp\/v2\/product_tag?post=64145"},{"taxonomy":"woo-feed-brand","embeddable":true,"href":"https:\/\/www.fleurop-home.ch\/fr-ch\/wp-json\/wp\/v2\/woo-feed-brand?post=64145"}],"curies":[{"name":"wp","href":"https:\/\/api.w.org\/{rel}","templated":true}]}}