{"id":64142,"date":"2025-10-13T15:12:07","date_gmt":"2025-10-13T13:12:07","guid":{"rendered":"https:\/\/www.fleurop-home.ch\/de-ch\/p\/vamos-schale-rc-d-blau-8-5x30cm"},"modified":"2026-01-05T14:05:48","modified_gmt":"2026-01-05T13:05:48","slug":"vamos-bol-rc-d-bleu-8-5x30cm","status":"publish","type":"product","link":"https:\/\/www.fleurop-home.ch\/fr-ch\/p\/vamos-schale-rc-d-blau-8-5x30cm","title":{"rendered":"Vamos bol RC, d.bleu, 8.5x30cm"},"content":{"rendered":"<p>Enrichis ta d\u00e9coration de table avec notre bol en verre bleu fonc\u00e9 de haute qualit\u00e9. Avec un diam\u00e8tre de 30 cm et une hauteur de 8,5 cm, ce bol offre suffisamment de place pour les salades, les fruits ou autres cr\u00e9ations culinaires.  Ajoute une touche d'\u00e9l\u00e9gance \u00e0 ta table avec ce bol bleu fonc\u00e9 tr\u00e8s styl\u00e9.<\/p>\n<p>- Bol de haute qualit\u00e9 en verre bleu<br \/>\n- Fabriqu\u00e9 en UE<br \/>\n- Dimensions : diam\u00e8tre 30 cm x hauteur 8,5 cm<br \/>\n- Capacit\u00e9 : 3,5 L<\/p>","protected":false},"excerpt":{"rendered":"<p>Grand bol\/bol en verre bleu fonc\u00e9, 8.5 cm x \u00d8 30 cm<\/p>","protected":false},"featured_media":66367,"template":"","meta":[],"product_brand":[],"product_cat":[1102,42,1101,43],"product_tag":[324],"woo-feed-brand":[],"class_list":{"0":"post-64142","1":"product","2":"type-product","3":"status-publish","4":"has-post-thumbnail","6":"product_cat-essen","7":"product_cat-kueche","8":"product_cat-geschirr","9":"product_cat-gedeckter-tisch","10":"product_tag-marein-ag","12":"first","13":"instock","14":"taxable","15":"shipping-taxable","16":"purchasable","17":"product-type-simple"},"_links":{"self":[{"href":"https:\/\/www.fleurop-home.ch\/fr-ch\/wp-json\/wp\/v2\/product\/64142","targetHints":{"allow":["GET"]}}],"collection":[{"href":"https:\/\/www.fleurop-home.ch\/fr-ch\/wp-json\/wp\/v2\/product"}],"about":[{"href":"https:\/\/www.fleurop-home.ch\/fr-ch\/wp-json\/wp\/v2\/types\/product"}],"wp:featuredmedia":[{"embeddable":true,"href":"https:\/\/www.fleurop-home.ch\/fr-ch\/wp-json\/wp\/v2\/media\/66367"}],"wp:attachment":[{"href":"https:\/\/www.fleurop-home.ch\/fr-ch\/wp-json\/wp\/v2\/media?parent=64142"}],"wp:term":[{"taxonomy":"product_brand","embeddable":true,"href":"https:\/\/www.fleurop-home.ch\/fr-ch\/wp-json\/wp\/v2\/product_brand?post=64142"},{"taxonomy":"product_cat","embeddable":true,"href":"https:\/\/www.fleurop-home.ch\/fr-ch\/wp-json\/wp\/v2\/product_cat?post=64142"},{"taxonomy":"product_tag","embeddable":true,"href":"https:\/\/www.fleurop-home.ch\/fr-ch\/wp-json\/wp\/v2\/product_tag?post=64142"},{"taxonomy":"woo-feed-brand","embeddable":true,"href":"https:\/\/www.fleurop-home.ch\/fr-ch\/wp-json\/wp\/v2\/woo-feed-brand?post=64142"}],"curies":[{"name":"wp","href":"https:\/\/api.w.org\/{rel}","templated":true}]}}