{"id":64130,"date":"2025-10-13T15:11:52","date_gmt":"2025-10-13T13:11:52","guid":{"rendered":"https:\/\/www.fleurop-home.ch\/de-ch\/p\/korb-dunkel-36x36x30cm"},"modified":"2026-01-05T14:05:49","modified_gmt":"2026-01-05T13:05:49","slug":"panier-fonce-36x36x30cm","status":"publish","type":"product","link":"https:\/\/www.fleurop-home.ch\/fr-ch\/p\/korb-dunkel-36x36x30cm","title":{"rendered":"Panier, fonc\u00e9, 36x36x30cm"},"content":{"rendered":"<p>Notre panier de rangement en fibres naturelles robustes offre un espace de rangement pratique avec du style. \u00c9quip\u00e9 de poign\u00e9es solides, il est id\u00e9al comme support pour les pots de fleurs ou comme panier de rangement polyvalent. Disponible en trois tailles.<\/p>\n<p>- Panier de rangement fabriqu\u00e9 en fibres naturelles durables avec des poign\u00e9es pratiques et stables<br \/>\n- Id\u00e9al comme support pour pots de fleurs ou panier de rangement<br \/>\n- Diam\u00e8tre 36 cm, hauteur 30 cm, hauteur de l'anse 8,5<br \/>\n- Disponible en trois tailles pour des combinaisons particuli\u00e8rement jolies<\/p>","protected":false},"excerpt":{"rendered":"<p>Panier de rangement en fibres naturelles sombres, \u00d8 36 cm x H 30<\/p>","protected":false},"featured_media":64129,"template":"","meta":[],"product_brand":[],"product_cat":[32,23],"product_tag":[324],"woo-feed-brand":[],"class_list":{"0":"post-64130","1":"product","2":"type-product","3":"status-publish","4":"has-post-thumbnail","6":"product_cat-aufbewahrung","7":"product_cat-home-living","8":"product_tag-marein-ag","10":"first","11":"instock","12":"taxable","13":"shipping-taxable","14":"purchasable","15":"product-type-simple"},"_links":{"self":[{"href":"https:\/\/www.fleurop-home.ch\/fr-ch\/wp-json\/wp\/v2\/product\/64130","targetHints":{"allow":["GET"]}}],"collection":[{"href":"https:\/\/www.fleurop-home.ch\/fr-ch\/wp-json\/wp\/v2\/product"}],"about":[{"href":"https:\/\/www.fleurop-home.ch\/fr-ch\/wp-json\/wp\/v2\/types\/product"}],"wp:featuredmedia":[{"embeddable":true,"href":"https:\/\/www.fleurop-home.ch\/fr-ch\/wp-json\/wp\/v2\/media\/64129"}],"wp:attachment":[{"href":"https:\/\/www.fleurop-home.ch\/fr-ch\/wp-json\/wp\/v2\/media?parent=64130"}],"wp:term":[{"taxonomy":"product_brand","embeddable":true,"href":"https:\/\/www.fleurop-home.ch\/fr-ch\/wp-json\/wp\/v2\/product_brand?post=64130"},{"taxonomy":"product_cat","embeddable":true,"href":"https:\/\/www.fleurop-home.ch\/fr-ch\/wp-json\/wp\/v2\/product_cat?post=64130"},{"taxonomy":"product_tag","embeddable":true,"href":"https:\/\/www.fleurop-home.ch\/fr-ch\/wp-json\/wp\/v2\/product_tag?post=64130"},{"taxonomy":"woo-feed-brand","embeddable":true,"href":"https:\/\/www.fleurop-home.ch\/fr-ch\/wp-json\/wp\/v2\/woo-feed-brand?post=64130"}],"curies":[{"name":"wp","href":"https:\/\/api.w.org\/{rel}","templated":true}]}}