{"id":64108,"date":"2025-10-13T11:16:33","date_gmt":"2025-10-13T09:16:33","guid":{"rendered":"https:\/\/www.fleurop-home.ch\/?post_type=product&#038;p=64108"},"modified":"2026-02-19T09:05:06","modified_gmt":"2026-02-19T08:05:06","slug":"gly-cora-boost","status":"publish","type":"product","link":"https:\/\/www.fleurop-home.ch\/fr-ch\/p\/gly-cora-boost","title":{"rendered":"GLY-CORA\u00ae BOOST"},"content":{"rendered":"<p>Activant, \u00e9nergisant dans les situations de stress au travail, \u00e0 l'universit\u00e9 et \u00e0 l'\u00e9cole, les conf\u00e9rences, les pr\u00e9sentations, les examens, les marathons d'apprentissage et de r\u00e9unions ainsi que les longs voyages.<\/p>\n<p>Ne contient pas de nic\u00e9thamide. Elle ne pr\u00e9sente donc aucun risque de dopage et peut \u00eatre utilis\u00e9e par les sportifs, m\u00eame lors de comp\u00e9titions.<\/p>\n<p><strong>Composition<\/strong><\/p>\n<p>Sirop de glucose (antioxydant : <strong>dioxyde de soufre)<\/strong>; sucre ; citrate de trimagn\u00e9sium ; L-carnitine L-tartrate ; graisses v\u00e9g\u00e9tales (palme) ; caf\u00e9ine ; ar\u00f4me naturel (orange) ; \u00e9mulsifiants : monost\u00e9arate de glyc\u00e9rol E471, <strong>Soja<\/strong>l\u00e9cithine E322 ; ar\u00f4me naturel ; niacine ; \u00e9paississant : g\u00e9latine ; gomme arabique E414 ; \u00e9dulcorant : glycosides de st\u00e9viol E960a ; colorant : \u03b2-carot\u00e8ne E160<\/p>\n<p><strong>Application<\/strong><\/p>\n<p><strong>GLY-CORA<\/strong><sup>\u00ae<\/sup><strong> BOOST <\/strong>peut \u00eatre utilis\u00e9 en cas de<\/p>\n<ul>\n<li>Fatigue \u00e0 l'effort physique<\/li>\n<li>Sollicitation mentale<\/li>\n<li>Recommandation : laisser fondre 2 pastilles dans la bouche 30 minutes avant l'activit\u00e9 physique ou mentale. Prendre au maximum 5 pastilles par jour.<\/li>\n<\/ul>\n<p><strong>Remarques<\/strong><\/p>\n<p>Contient de la caf\u00e9ine. D\u00e9conseill\u00e9 aux enfants et aux femmes enceintes.<\/p>\n<p>La consommation quotidienne recommand\u00e9e ne doit pas \u00eatre d\u00e9pass\u00e9e. Les compl\u00e9ments alimentaires ne remplacent pas une alimentation vari\u00e9e et \u00e9quilibr\u00e9e et un mode de vie sain. Conserver hors de la port\u00e9e des jeunes enfants. Conserver au frais et au sec.<\/p>\n<p><strong>Infos suppl\u00e9mentaires<\/strong><\/p>\n<p>Pastilles \u00e0 sucer \/ Compl\u00e9ments alimentaires<br \/>\nContient du sucre et des \u00e9dulcorants.<br \/>\nSans lactose, sans gluten.<\/p>\n<p>Pour en savoir plus sur GLY-CORA\u00ae BOOST et sur l'ambassadeur de notre marque Kariem Hussein, consulte le site <a href=\"https:\/\/www.fleurop-home.ch\/fr-ch\/kariem-hussein-gly-cora-boost\/\">ici<\/a>.<\/p>","protected":false},"excerpt":{"rendered":"<p>De l'\u00e9nergie quand \u00e7a compte - La pastille de notre ambassadeur de marque Kariem Hussein !<\/p>","protected":false},"featured_media":64110,"template":"","meta":[],"product_brand":[],"product_cat":[1176,48],"product_tag":[282],"woo-feed-brand":[],"class_list":{"0":"post-64108","1":"product","2":"type-product","3":"status-publish","4":"has-post-thumbnail","6":"product_cat-wohlbefinden","7":"product_cat-bad-wellness","8":"product_tag-fleurop-interflora","10":"first","11":"instock","12":"taxable","13":"shipping-taxable","14":"purchasable","15":"product-type-simple"},"_links":{"self":[{"href":"https:\/\/www.fleurop-home.ch\/fr-ch\/wp-json\/wp\/v2\/product\/64108","targetHints":{"allow":["GET"]}}],"collection":[{"href":"https:\/\/www.fleurop-home.ch\/fr-ch\/wp-json\/wp\/v2\/product"}],"about":[{"href":"https:\/\/www.fleurop-home.ch\/fr-ch\/wp-json\/wp\/v2\/types\/product"}],"wp:featuredmedia":[{"embeddable":true,"href":"https:\/\/www.fleurop-home.ch\/fr-ch\/wp-json\/wp\/v2\/media\/64110"}],"wp:attachment":[{"href":"https:\/\/www.fleurop-home.ch\/fr-ch\/wp-json\/wp\/v2\/media?parent=64108"}],"wp:term":[{"taxonomy":"product_brand","embeddable":true,"href":"https:\/\/www.fleurop-home.ch\/fr-ch\/wp-json\/wp\/v2\/product_brand?post=64108"},{"taxonomy":"product_cat","embeddable":true,"href":"https:\/\/www.fleurop-home.ch\/fr-ch\/wp-json\/wp\/v2\/product_cat?post=64108"},{"taxonomy":"product_tag","embeddable":true,"href":"https:\/\/www.fleurop-home.ch\/fr-ch\/wp-json\/wp\/v2\/product_tag?post=64108"},{"taxonomy":"woo-feed-brand","embeddable":true,"href":"https:\/\/www.fleurop-home.ch\/fr-ch\/wp-json\/wp\/v2\/woo-feed-brand?post=64108"}],"curies":[{"name":"wp","href":"https:\/\/api.w.org\/{rel}","templated":true}]}}