{"id":63998,"date":"2025-10-09T20:55:51","date_gmt":"2025-10-09T18:55:51","guid":{"rendered":"https:\/\/www.fleurop-home.ch\/de-ch\/?post_type=product&#038;p=63998"},"modified":"2026-03-06T10:10:23","modified_gmt":"2026-03-06T09:10:23","slug":"coque-ocean-bleu-live-love-laugh","status":"publish","type":"product","link":"https:\/\/www.fleurop-home.ch\/fr-ch\/p\/oceanschale-blau-live-love-laugh","title":{"rendered":"Coque d'oc\u00e9an bleue"},"content":{"rendered":"<p>Le sentiment de la mer \u00e0 la maison - parfait comme id\u00e9e de cadeau ou comme d\u00e9coration.<br \/>\nLe design d'Ocean est fait de r\u00e9sine \u00e9poxy et con\u00e7u \u00e0 la main. Le bol est adapt\u00e9 au contact alimentaire et convainc par sa qualit\u00e9 sup\u00e9rieure.<\/p>","protected":false},"excerpt":{"rendered":"<p>Chaque pi\u00e8ce est unique et faite \u00e0 la main, inspir\u00e9e par les vagues de la mer. Les couleurs et les motifs peuvent varier et font de chaque bol quelque chose de sp\u00e9cial. Id\u00e9al comme bol pour les bijoux, les cl\u00e9s ou les douceurs.<\/p>","protected":false},"featured_media":75073,"template":"","meta":[],"product_brand":[],"product_cat":[1108,23,1190,30,42,1104,43],"product_tag":[1147],"woo-feed-brand":[],"class_list":{"0":"post-63998","1":"product","2":"type-product","3":"status-publish","4":"has-post-thumbnail","6":"product_cat-tabletts","7":"product_cat-home-living","8":"product_cat-dekoobjekte","9":"product_cat-deko-accessoires","10":"product_cat-kueche","11":"product_cat-tischakzente","12":"product_cat-gedeckter-tisch","13":"product_tag-handmade-by-selina","15":"first","16":"instock","17":"taxable","18":"shipping-taxable","19":"purchasable","20":"product-type-simple"},"_links":{"self":[{"href":"https:\/\/www.fleurop-home.ch\/fr-ch\/wp-json\/wp\/v2\/product\/63998","targetHints":{"allow":["GET"]}}],"collection":[{"href":"https:\/\/www.fleurop-home.ch\/fr-ch\/wp-json\/wp\/v2\/product"}],"about":[{"href":"https:\/\/www.fleurop-home.ch\/fr-ch\/wp-json\/wp\/v2\/types\/product"}],"wp:featuredmedia":[{"embeddable":true,"href":"https:\/\/www.fleurop-home.ch\/fr-ch\/wp-json\/wp\/v2\/media\/75073"}],"wp:attachment":[{"href":"https:\/\/www.fleurop-home.ch\/fr-ch\/wp-json\/wp\/v2\/media?parent=63998"}],"wp:term":[{"taxonomy":"product_brand","embeddable":true,"href":"https:\/\/www.fleurop-home.ch\/fr-ch\/wp-json\/wp\/v2\/product_brand?post=63998"},{"taxonomy":"product_cat","embeddable":true,"href":"https:\/\/www.fleurop-home.ch\/fr-ch\/wp-json\/wp\/v2\/product_cat?post=63998"},{"taxonomy":"product_tag","embeddable":true,"href":"https:\/\/www.fleurop-home.ch\/fr-ch\/wp-json\/wp\/v2\/product_tag?post=63998"},{"taxonomy":"woo-feed-brand","embeddable":true,"href":"https:\/\/www.fleurop-home.ch\/fr-ch\/wp-json\/wp\/v2\/woo-feed-brand?post=63998"}],"curies":[{"name":"wp","href":"https:\/\/api.w.org\/{rel}","templated":true}]}}