{"id":63872,"date":"2025-10-07T14:45:10","date_gmt":"2025-10-07T12:45:10","guid":{"rendered":"https:\/\/www.fleurop-home.ch\/fr-ch\/?post_type=product&#038;p=63872"},"modified":"2026-02-24T13:20:55","modified_gmt":"2026-02-24T12:20:55","slug":"bougie-a-led","status":"publish","type":"product","link":"https:\/\/www.fleurop-home.ch\/fr-ch\/p\/led-kerze","title":{"rendered":"Bougie LED"},"content":{"rendered":"<p>Magnifique bougie, d\u00e9cor\u00e9e tout autour de fleurs s\u00e9ch\u00e9es, pour de belles f\u00eates ou simplement pour apporter un peu de lumi\u00e8re dans ta maison.<\/p>","protected":false},"excerpt":{"rendered":"<p>Bougie avec piles, incluse.<\/p>","protected":false},"featured_media":63791,"template":"","meta":[],"product_brand":[],"product_cat":[23,103,28,1247],"product_tag":[1135],"woo-feed-brand":[],"class_list":{"0":"post-63872","1":"product","2":"type-product","3":"status-publish","4":"has-post-thumbnail","6":"product_cat-home-living","7":"product_cat-kerzen","8":"product_cat-kerzen-lichter","9":"product_cat-sale","10":"product_tag-mon-reve-fleuri","12":"first","13":"instock","14":"sale","15":"taxable","16":"shipping-taxable","17":"purchasable","18":"product-type-simple"},"_links":{"self":[{"href":"https:\/\/www.fleurop-home.ch\/fr-ch\/wp-json\/wp\/v2\/product\/63872","targetHints":{"allow":["GET"]}}],"collection":[{"href":"https:\/\/www.fleurop-home.ch\/fr-ch\/wp-json\/wp\/v2\/product"}],"about":[{"href":"https:\/\/www.fleurop-home.ch\/fr-ch\/wp-json\/wp\/v2\/types\/product"}],"wp:featuredmedia":[{"embeddable":true,"href":"https:\/\/www.fleurop-home.ch\/fr-ch\/wp-json\/wp\/v2\/media\/63791"}],"wp:attachment":[{"href":"https:\/\/www.fleurop-home.ch\/fr-ch\/wp-json\/wp\/v2\/media?parent=63872"}],"wp:term":[{"taxonomy":"product_brand","embeddable":true,"href":"https:\/\/www.fleurop-home.ch\/fr-ch\/wp-json\/wp\/v2\/product_brand?post=63872"},{"taxonomy":"product_cat","embeddable":true,"href":"https:\/\/www.fleurop-home.ch\/fr-ch\/wp-json\/wp\/v2\/product_cat?post=63872"},{"taxonomy":"product_tag","embeddable":true,"href":"https:\/\/www.fleurop-home.ch\/fr-ch\/wp-json\/wp\/v2\/product_tag?post=63872"},{"taxonomy":"woo-feed-brand","embeddable":true,"href":"https:\/\/www.fleurop-home.ch\/fr-ch\/wp-json\/wp\/v2\/woo-feed-brand?post=63872"}],"curies":[{"name":"wp","href":"https:\/\/api.w.org\/{rel}","templated":true}]}}