{"id":6386,"date":"2020-03-12T14:59:57","date_gmt":"2020-03-12T13:59:57","guid":{"rendered":"https:\/\/www.fleurop-home.ch\/?product=zitronenthymian-gelb-sunnyherbs-im-14cm-topf"},"modified":"2026-04-16T13:18:12","modified_gmt":"2026-04-16T11:18:12","slug":"thym-citron-jaune-sunnyherbs-en-pot-de-14cm","status":"publish","type":"product","link":"https:\/\/www.fleurop-home.ch\/fr-ch\/p\/zitronenthymian-gelb-sunnyherbs-im-14cm-topf","title":{"rendered":"Thym citron jaune \u201aSunnyHerbs\u2018 pot de 14cm"},"content":{"rendered":"<p>- Dans un pot de 14<br \/>\n- En direct d'Italie<br \/>\n- Herbe aromatique<br \/>\n- vivace, r\u00e9sistante \u00e0 l'hiver<\/p>\n<p>Thymus citridorus<\/p>\n<p>Emplacement : ensoleill\u00e9<br \/>\nP\u00e9riode de floraison \/ couleur : juin - ao\u00fbt \/ rose-lilas<br \/>\nHauteur \/ croissance : 20 cm<br \/>\nP\u00e9riode de r\u00e9colte : mai-octobre<br \/>\nLe sol : Jardini\u00e8res de balcon, rocailles, \u00e9pices<br \/>\nUtilisation : plats de viande, beurre aux herbes, plats m\u00e9diterran\u00e9ens, salades, plats \u00e0 base de tomates<br \/>\nUtilisation pour la sant\u00e9 : bronchite, rhume, toux, troubles gastriques et intestinaux, impuret\u00e9s de la peau<\/p>","protected":false},"excerpt":{"rendered":"<p>Thymus citridorus<\/p>","protected":false},"featured_media":52170,"template":"","meta":[],"product_brand":[],"product_cat":[105,1263,34,41],"product_tag":[289],"woo-feed-brand":[],"class_list":{"0":"post-6386","1":"product","2":"type-product","3":"status-publish","4":"has-post-thumbnail","6":"product_cat-kraeuter","7":"product_cat-fleuropkids","8":"product_cat-garten-balkon","9":"product_cat-outdoorpflanzen","10":"product_tag-blumengarten-kung-ag","12":"first","13":"instock","14":"taxable","15":"shipping-taxable","16":"purchasable","17":"product-type-simple"},"_links":{"self":[{"href":"https:\/\/www.fleurop-home.ch\/fr-ch\/wp-json\/wp\/v2\/product\/6386","targetHints":{"allow":["GET"]}}],"collection":[{"href":"https:\/\/www.fleurop-home.ch\/fr-ch\/wp-json\/wp\/v2\/product"}],"about":[{"href":"https:\/\/www.fleurop-home.ch\/fr-ch\/wp-json\/wp\/v2\/types\/product"}],"wp:featuredmedia":[{"embeddable":true,"href":"https:\/\/www.fleurop-home.ch\/fr-ch\/wp-json\/wp\/v2\/media\/52170"}],"wp:attachment":[{"href":"https:\/\/www.fleurop-home.ch\/fr-ch\/wp-json\/wp\/v2\/media?parent=6386"}],"wp:term":[{"taxonomy":"product_brand","embeddable":true,"href":"https:\/\/www.fleurop-home.ch\/fr-ch\/wp-json\/wp\/v2\/product_brand?post=6386"},{"taxonomy":"product_cat","embeddable":true,"href":"https:\/\/www.fleurop-home.ch\/fr-ch\/wp-json\/wp\/v2\/product_cat?post=6386"},{"taxonomy":"product_tag","embeddable":true,"href":"https:\/\/www.fleurop-home.ch\/fr-ch\/wp-json\/wp\/v2\/product_tag?post=6386"},{"taxonomy":"woo-feed-brand","embeddable":true,"href":"https:\/\/www.fleurop-home.ch\/fr-ch\/wp-json\/wp\/v2\/woo-feed-brand?post=6386"}],"curies":[{"name":"wp","href":"https:\/\/api.w.org\/{rel}","templated":true}]}}