{"id":63810,"date":"2025-10-06T18:33:20","date_gmt":"2025-10-06T16:33:20","guid":{"rendered":"https:\/\/www.fleurop-home.ch\/fr-ch\/?post_type=product&#038;p=63810"},"modified":"2026-02-24T13:20:56","modified_gmt":"2026-02-24T12:20:56","slug":"lanterne","status":"publish","type":"product","link":"https:\/\/www.fleurop-home.ch\/fr-ch\/p\/laterne","title":{"rendered":"Lanterne"},"content":{"rendered":"<p>Cette magnifique lanterne en m\u00e9tal, d\u00e9cor\u00e9e de fleurs s\u00e9ch\u00e9es qui durent tr\u00e8s longtemps, illuminera les f\u00eates de fin d'ann\u00e9e.<\/p>","protected":false},"excerpt":{"rendered":"<p>Jolie lanterne en m\u00e9tal, place une bougie \u00e0 l'int\u00e9rieur pour donner vie au beau paysage illumin\u00e9.<\/p>","protected":false},"featured_media":63784,"template":"","meta":[],"product_brand":[],"product_cat":[108,23,28,1247],"product_tag":[1135],"woo-feed-brand":[],"class_list":{"0":"post-63810","1":"product","2":"type-product","3":"status-publish","4":"has-post-thumbnail","6":"product_cat-lichterketten-laternen","7":"product_cat-home-living","8":"product_cat-kerzen-lichter","9":"product_cat-sale","10":"product_tag-mon-reve-fleuri","12":"first","13":"instock","14":"sale","15":"taxable","16":"shipping-taxable","17":"purchasable","18":"product-type-simple"},"_links":{"self":[{"href":"https:\/\/www.fleurop-home.ch\/fr-ch\/wp-json\/wp\/v2\/product\/63810","targetHints":{"allow":["GET"]}}],"collection":[{"href":"https:\/\/www.fleurop-home.ch\/fr-ch\/wp-json\/wp\/v2\/product"}],"about":[{"href":"https:\/\/www.fleurop-home.ch\/fr-ch\/wp-json\/wp\/v2\/types\/product"}],"wp:featuredmedia":[{"embeddable":true,"href":"https:\/\/www.fleurop-home.ch\/fr-ch\/wp-json\/wp\/v2\/media\/63784"}],"wp:attachment":[{"href":"https:\/\/www.fleurop-home.ch\/fr-ch\/wp-json\/wp\/v2\/media?parent=63810"}],"wp:term":[{"taxonomy":"product_brand","embeddable":true,"href":"https:\/\/www.fleurop-home.ch\/fr-ch\/wp-json\/wp\/v2\/product_brand?post=63810"},{"taxonomy":"product_cat","embeddable":true,"href":"https:\/\/www.fleurop-home.ch\/fr-ch\/wp-json\/wp\/v2\/product_cat?post=63810"},{"taxonomy":"product_tag","embeddable":true,"href":"https:\/\/www.fleurop-home.ch\/fr-ch\/wp-json\/wp\/v2\/product_tag?post=63810"},{"taxonomy":"woo-feed-brand","embeddable":true,"href":"https:\/\/www.fleurop-home.ch\/fr-ch\/wp-json\/wp\/v2\/woo-feed-brand?post=63810"}],"curies":[{"name":"wp","href":"https:\/\/api.w.org\/{rel}","templated":true}]}}