{"id":6370,"date":"2020-03-12T14:59:56","date_gmt":"2020-03-12T13:59:56","guid":{"rendered":"https:\/\/www.fleurop-home.ch\/?product=rosmarin-aufrecht-sunnyherbs-im-14cm-topf"},"modified":"2026-04-16T13:18:12","modified_gmt":"2026-04-16T11:18:12","slug":"romarin-droit-sunnyherbs-en-pot-de-14cm","status":"publish","type":"product","link":"https:\/\/www.fleurop-home.ch\/fr-ch\/p\/rosmarin-aufrecht-sunnyherbs-im-14cm-topf","title":{"rendered":"Romarin \u00e9rig\u00e9 \u201aSunnyHerbs\u2018 pot de 14cm"},"content":{"rendered":"<p>- Dans un pot de 14<br \/>\n- En direct d'Italie<br \/>\n- Herbe aromatique<br \/>\n- Pluriannuelle, r\u00e9sistance limit\u00e9e au froid<\/p>\n<p>Rosmarinus officinalis<\/p>\n<p>Emplacement : ensoleill\u00e9<br \/>\nP\u00e9riode de floraison \/ couleur : mars-mai \/ bleu<br \/>\nP\u00e9riode de r\u00e9colte : mai-octobre<br \/>\nSol : perm\u00e9able, un peu de sable, de gravier, terre de culture\/l\u00e9gumes<br \/>\nUtilisation : le romarin est consid\u00e9r\u00e9 comme une \u00e9pice classique pour le barbecue et s'harmonise entre autres avec la viande, la volaille, l'agneau, les courgettes, les pommes de terre et les p\u00e2tes.<br \/>\nSoins : arrosage : r\u00e9gulier \u00e0 mod\u00e9r\u00e9ment humide du printemps \u00e0 l'automne, p\u00e9n\u00e9trant dans le pot<br \/>\nFertilisation : avec parcimonie, terreau de compost, engrais organique pour l\u00e9gumes<br \/>\nUtilisation pour la sant\u00e9 : troubles de la circulation sanguine, d\u00e9pression, intestin irritable, renforcement de la circulation, probl\u00e8mes de peau<\/p>","protected":false},"excerpt":{"rendered":"<p>Rosmarinus officinalis<\/p>","protected":false},"featured_media":52165,"template":"","meta":[],"product_brand":[],"product_cat":[105,1263,34,41],"product_tag":[289],"woo-feed-brand":[],"class_list":{"0":"post-6370","1":"product","2":"type-product","3":"status-publish","4":"has-post-thumbnail","6":"product_cat-kraeuter","7":"product_cat-fleuropkids","8":"product_cat-garten-balkon","9":"product_cat-outdoorpflanzen","10":"product_tag-blumengarten-kung-ag","12":"first","13":"instock","14":"taxable","15":"shipping-taxable","16":"purchasable","17":"product-type-simple"},"_links":{"self":[{"href":"https:\/\/www.fleurop-home.ch\/fr-ch\/wp-json\/wp\/v2\/product\/6370","targetHints":{"allow":["GET"]}}],"collection":[{"href":"https:\/\/www.fleurop-home.ch\/fr-ch\/wp-json\/wp\/v2\/product"}],"about":[{"href":"https:\/\/www.fleurop-home.ch\/fr-ch\/wp-json\/wp\/v2\/types\/product"}],"wp:featuredmedia":[{"embeddable":true,"href":"https:\/\/www.fleurop-home.ch\/fr-ch\/wp-json\/wp\/v2\/media\/52165"}],"wp:attachment":[{"href":"https:\/\/www.fleurop-home.ch\/fr-ch\/wp-json\/wp\/v2\/media?parent=6370"}],"wp:term":[{"taxonomy":"product_brand","embeddable":true,"href":"https:\/\/www.fleurop-home.ch\/fr-ch\/wp-json\/wp\/v2\/product_brand?post=6370"},{"taxonomy":"product_cat","embeddable":true,"href":"https:\/\/www.fleurop-home.ch\/fr-ch\/wp-json\/wp\/v2\/product_cat?post=6370"},{"taxonomy":"product_tag","embeddable":true,"href":"https:\/\/www.fleurop-home.ch\/fr-ch\/wp-json\/wp\/v2\/product_tag?post=6370"},{"taxonomy":"woo-feed-brand","embeddable":true,"href":"https:\/\/www.fleurop-home.ch\/fr-ch\/wp-json\/wp\/v2\/woo-feed-brand?post=6370"}],"curies":[{"name":"wp","href":"https:\/\/api.w.org\/{rel}","templated":true}]}}