{"id":6368,"date":"2020-03-12T14:59:55","date_gmt":"2020-03-12T13:59:55","guid":{"rendered":"https:\/\/www.fleurop-home.ch\/?product=petersilie-kraus-sunnyherbs-im-14cm-topf"},"modified":"2026-04-22T11:20:24","modified_gmt":"2026-04-22T09:20:24","slug":"persil-frise-sunnyherbs-en-pot-de-14cm","status":"publish","type":"product","link":"https:\/\/www.fleurop-home.ch\/fr-ch\/p\/petersilie-kraus-sunnyherbs-im-14cm-topf","title":{"rendered":"Persil Kraus \u201aSunnyHerbs\u2018 pot de 14cm"},"content":{"rendered":"<p>- Dans un pot de 14<br \/>\n- En direct d'Italie<br \/>\n- Herbe aromatique<br \/>\n- pluriannuel<\/p>\n<p>Emplacement : Ensoleill\u00e9-semi-ombrag\u00e9<br \/>\nP\u00e9riode de floraison : juin-ao\u00fbt<br \/>\nHauteur \/ croissance : 30 cm<br \/>\nP\u00e9riode de r\u00e9colte : toute l'ann\u00e9e, si les feuilles sont pr\u00e9sentes<br \/>\nSol : sol riche en nutriments, l\u00e9g\u00e8rement calcaire et riche en humus<br \/>\nUtilisation : salades, plats de pommes de terre, plats de fromage blanc, beurre aux herbes, m\u00e9langes d'\u00e9pices, plats de poisson<br \/>\nUtilisation pour la sant\u00e9 : probl\u00e8mes de peau, rhumatismes, fatigue et \u00e9puisement, flatulences<\/p>","protected":false},"excerpt":{"rendered":"<p>Utilisation : salades, plats de pommes de terre, plats de fromage blanc, beurre aux herbes, m\u00e9langes d'\u00e9pices, plats de poisson<\/p>","protected":false},"featured_media":52164,"template":"","meta":[],"product_brand":[],"product_cat":[105,1263,1266,34,41],"product_tag":[289],"woo-feed-brand":[],"class_list":{"0":"post-6368","1":"product","2":"type-product","3":"status-publish","4":"has-post-thumbnail","6":"product_cat-kraeuter","7":"product_cat-fleuropkids","8":"product_cat-garten-outdoor","9":"product_cat-garten-balkon","10":"product_cat-outdoorpflanzen","11":"product_tag-blumengarten-kung-ag","13":"first","14":"instock","15":"taxable","16":"shipping-taxable","17":"purchasable","18":"product-type-simple"},"_links":{"self":[{"href":"https:\/\/www.fleurop-home.ch\/fr-ch\/wp-json\/wp\/v2\/product\/6368","targetHints":{"allow":["GET"]}}],"collection":[{"href":"https:\/\/www.fleurop-home.ch\/fr-ch\/wp-json\/wp\/v2\/product"}],"about":[{"href":"https:\/\/www.fleurop-home.ch\/fr-ch\/wp-json\/wp\/v2\/types\/product"}],"wp:featuredmedia":[{"embeddable":true,"href":"https:\/\/www.fleurop-home.ch\/fr-ch\/wp-json\/wp\/v2\/media\/52164"}],"wp:attachment":[{"href":"https:\/\/www.fleurop-home.ch\/fr-ch\/wp-json\/wp\/v2\/media?parent=6368"}],"wp:term":[{"taxonomy":"product_brand","embeddable":true,"href":"https:\/\/www.fleurop-home.ch\/fr-ch\/wp-json\/wp\/v2\/product_brand?post=6368"},{"taxonomy":"product_cat","embeddable":true,"href":"https:\/\/www.fleurop-home.ch\/fr-ch\/wp-json\/wp\/v2\/product_cat?post=6368"},{"taxonomy":"product_tag","embeddable":true,"href":"https:\/\/www.fleurop-home.ch\/fr-ch\/wp-json\/wp\/v2\/product_tag?post=6368"},{"taxonomy":"woo-feed-brand","embeddable":true,"href":"https:\/\/www.fleurop-home.ch\/fr-ch\/wp-json\/wp\/v2\/woo-feed-brand?post=6368"}],"curies":[{"name":"wp","href":"https:\/\/api.w.org\/{rel}","templated":true}]}}