{"id":6364,"date":"2020-03-12T14:59:55","date_gmt":"2020-03-12T13:59:55","guid":{"rendered":"https:\/\/www.fleurop-home.ch\/?product=oregano-sunnyherbs-im-14cm-topf"},"modified":"2026-04-22T11:20:23","modified_gmt":"2026-04-22T09:20:23","slug":"oregano-sunnyherbs-dans-un-pot-de-14cm","status":"publish","type":"product","link":"https:\/\/www.fleurop-home.ch\/fr-ch\/p\/oregano-sunnyherbs-im-14cm-topf","title":{"rendered":"Origan \u201aSunnyHerbs\u2018 pot de 14cm"},"content":{"rendered":"<p>- Dans un pot de 14<br \/>\n- En direct d'Italie<br \/>\n- Herbe aromatique<br \/>\n- vivace, r\u00e9sistante \u00e0 l'hiver<\/p>\n<p>Origanum vulgare<\/p>\n<p>Emplacement : ensoleill\u00e9<br \/>\nP\u00e9riode de floraison \/ couleur : juillet - septembre \/ rose<br \/>\nHauteur \/ croissance : 25 cm<br \/>\nSemis : avril-mai<br \/>\nP\u00e9riode de r\u00e9colte : toute l'ann\u00e9e<br \/>\nSol : plut\u00f4t sec et pauvre en nutriments<br \/>\nUtilisation : p\u00e2tes, pizza, salades, soupes, omelettes, plats de pommes de terre, viande, poisson<br \/>\nUtilisation pour la sant\u00e9 : troubles gastriques et intestinaux, candidose, bronchite chronique, peau impure<\/p>","protected":false},"excerpt":{"rendered":"<p>Origanum vulgare<\/p>","protected":false},"featured_media":52161,"template":"","meta":[],"product_brand":[],"product_cat":[105,1263,1266,34,41],"product_tag":[289],"woo-feed-brand":[],"class_list":{"0":"post-6364","1":"product","2":"type-product","3":"status-publish","4":"has-post-thumbnail","6":"product_cat-kraeuter","7":"product_cat-fleuropkids","8":"product_cat-garten-outdoor","9":"product_cat-garten-balkon","10":"product_cat-outdoorpflanzen","11":"product_tag-blumengarten-kung-ag","13":"first","14":"instock","15":"featured","16":"taxable","17":"shipping-taxable","18":"purchasable","19":"product-type-simple"},"_links":{"self":[{"href":"https:\/\/www.fleurop-home.ch\/fr-ch\/wp-json\/wp\/v2\/product\/6364","targetHints":{"allow":["GET"]}}],"collection":[{"href":"https:\/\/www.fleurop-home.ch\/fr-ch\/wp-json\/wp\/v2\/product"}],"about":[{"href":"https:\/\/www.fleurop-home.ch\/fr-ch\/wp-json\/wp\/v2\/types\/product"}],"wp:featuredmedia":[{"embeddable":true,"href":"https:\/\/www.fleurop-home.ch\/fr-ch\/wp-json\/wp\/v2\/media\/52161"}],"wp:attachment":[{"href":"https:\/\/www.fleurop-home.ch\/fr-ch\/wp-json\/wp\/v2\/media?parent=6364"}],"wp:term":[{"taxonomy":"product_brand","embeddable":true,"href":"https:\/\/www.fleurop-home.ch\/fr-ch\/wp-json\/wp\/v2\/product_brand?post=6364"},{"taxonomy":"product_cat","embeddable":true,"href":"https:\/\/www.fleurop-home.ch\/fr-ch\/wp-json\/wp\/v2\/product_cat?post=6364"},{"taxonomy":"product_tag","embeddable":true,"href":"https:\/\/www.fleurop-home.ch\/fr-ch\/wp-json\/wp\/v2\/product_tag?post=6364"},{"taxonomy":"woo-feed-brand","embeddable":true,"href":"https:\/\/www.fleurop-home.ch\/fr-ch\/wp-json\/wp\/v2\/woo-feed-brand?post=6364"}],"curies":[{"name":"wp","href":"https:\/\/api.w.org\/{rel}","templated":true}]}}