{"id":6346,"date":"2020-03-12T14:59:52","date_gmt":"2020-03-12T13:59:52","guid":{"rendered":"https:\/\/www.fleurop-home.ch\/?product=majoran-sunnyherbs-im-14cm-topf"},"modified":"2026-04-22T11:20:24","modified_gmt":"2026-04-22T09:20:24","slug":"marjolaine-sunnyherbs-en-pot-de-14cm","status":"publish","type":"product","link":"https:\/\/www.fleurop-home.ch\/fr-ch\/p\/majoran-sunnyherbs-im-14cm-topf","title":{"rendered":"Marjolaine \u201aSunnyHerbs\u2018 pot de 14cm"},"content":{"rendered":"<p>- Dans un pot de 14<br \/>\n- En direct d'Italie<br \/>\n- Herbe aromatique<br \/>\n- vivace, r\u00e9sistante \u00e0 l'hiver<\/p>\n<p>Origanum majorana<\/p>\n<p>Emplacement : ensoleill\u00e9<br \/>\nP\u00e9riode de floraison \/ couleur : juillet - septembre \/ rose<br \/>\nHauteur \/ croissance : 25 cm<br \/>\nP\u00e9riode de r\u00e9colte : avant la floraison<br \/>\nSol : sol humif\u00e8re, meuble et l\u00e9g\u00e8rement sablonneux<br \/>\nUtilisation : plats de pommes de terre, plats de saucisses et de viande, soupes, plats aux \u0153ufs<br \/>\nUtilisation pour la sant\u00e9 : maux d'estomac, troubles intestinaux, estomac irritable, c\u00f4lon irritable, agitation nerveuse<\/p>","protected":false},"excerpt":{"rendered":"<p>Origanum majorana<\/p>","protected":false},"featured_media":52156,"template":"","meta":[],"product_brand":[],"product_cat":[105,1263,1266,34,41],"product_tag":[289],"woo-feed-brand":[],"class_list":{"0":"post-6346","1":"product","2":"type-product","3":"status-publish","4":"has-post-thumbnail","6":"product_cat-kraeuter","7":"product_cat-fleuropkids","8":"product_cat-garten-outdoor","9":"product_cat-garten-balkon","10":"product_cat-outdoorpflanzen","11":"product_tag-blumengarten-kung-ag","13":"first","14":"instock","15":"taxable","16":"shipping-taxable","17":"purchasable","18":"product-type-simple"},"_links":{"self":[{"href":"https:\/\/www.fleurop-home.ch\/fr-ch\/wp-json\/wp\/v2\/product\/6346","targetHints":{"allow":["GET"]}}],"collection":[{"href":"https:\/\/www.fleurop-home.ch\/fr-ch\/wp-json\/wp\/v2\/product"}],"about":[{"href":"https:\/\/www.fleurop-home.ch\/fr-ch\/wp-json\/wp\/v2\/types\/product"}],"wp:featuredmedia":[{"embeddable":true,"href":"https:\/\/www.fleurop-home.ch\/fr-ch\/wp-json\/wp\/v2\/media\/52156"}],"wp:attachment":[{"href":"https:\/\/www.fleurop-home.ch\/fr-ch\/wp-json\/wp\/v2\/media?parent=6346"}],"wp:term":[{"taxonomy":"product_brand","embeddable":true,"href":"https:\/\/www.fleurop-home.ch\/fr-ch\/wp-json\/wp\/v2\/product_brand?post=6346"},{"taxonomy":"product_cat","embeddable":true,"href":"https:\/\/www.fleurop-home.ch\/fr-ch\/wp-json\/wp\/v2\/product_cat?post=6346"},{"taxonomy":"product_tag","embeddable":true,"href":"https:\/\/www.fleurop-home.ch\/fr-ch\/wp-json\/wp\/v2\/product_tag?post=6346"},{"taxonomy":"woo-feed-brand","embeddable":true,"href":"https:\/\/www.fleurop-home.ch\/fr-ch\/wp-json\/wp\/v2\/woo-feed-brand?post=6346"}],"curies":[{"name":"wp","href":"https:\/\/api.w.org\/{rel}","templated":true}]}}