{"id":6344,"date":"2020-03-12T14:59:51","date_gmt":"2020-03-12T13:59:51","guid":{"rendered":"https:\/\/www.fleurop-home.ch\/?product=gewurzlorbeer-sunnyherbs-im-14cm-topf"},"modified":"2026-04-16T13:18:13","modified_gmt":"2026-04-16T11:18:13","slug":"laurier-racine-sunnyherbs-en-pot-de-14cm","status":"publish","type":"product","link":"https:\/\/www.fleurop-home.ch\/fr-ch\/p\/gewurzlorbeer-sunnyherbs-im-14cm-topf","title":{"rendered":"Laurier-\u00e9pices \u201aSunnyHerbs\u2018 pot de 14cm"},"content":{"rendered":"<p>- Dans un pot de 14<br \/>\n- En direct d'Italie<br \/>\n- Herbe aromatique<br \/>\n- Pluriannuelle, r\u00e9sistance limit\u00e9e \u00e0 l'hiver<\/p>\n<p>Laurus Nobilis<\/p>\n<p>Emplacement : ensoleill\u00e9<br \/>\nHauteur \/ croissance : 100 - 120 cm<br \/>\nUtilisation : Feuilles fra\u00eeches et s\u00e9ch\u00e9es pour assaisonner la viande, le poisson et les soupes<\/p>","protected":false},"excerpt":{"rendered":"<p>&#8211; Im 14er Topf &#8211; Direkt aus Italien &#8211; Gew\u00fcrzkraut &#8211; mehrj\u00e4hrig, bedingt winterthart Laurus Nobilis Standort: sonnig H\u00f6he \/ Wuchs: 100 \u2013 120 cm Verwendung: Frische und getrocknete Bl\u00e4tter zum w\u00fcrzen von Fleisch, Fisch und Suppen<\/p>","protected":false},"featured_media":52174,"template":"","meta":[],"product_brand":[],"product_cat":[105,1263,34,41],"product_tag":[289],"woo-feed-brand":[],"class_list":{"0":"post-6344","1":"product","2":"type-product","3":"status-publish","4":"has-post-thumbnail","6":"product_cat-kraeuter","7":"product_cat-fleuropkids","8":"product_cat-garten-balkon","9":"product_cat-outdoorpflanzen","10":"product_tag-blumengarten-kung-ag","12":"first","13":"instock","14":"taxable","15":"shipping-taxable","16":"purchasable","17":"product-type-simple"},"_links":{"self":[{"href":"https:\/\/www.fleurop-home.ch\/fr-ch\/wp-json\/wp\/v2\/product\/6344","targetHints":{"allow":["GET"]}}],"collection":[{"href":"https:\/\/www.fleurop-home.ch\/fr-ch\/wp-json\/wp\/v2\/product"}],"about":[{"href":"https:\/\/www.fleurop-home.ch\/fr-ch\/wp-json\/wp\/v2\/types\/product"}],"wp:featuredmedia":[{"embeddable":true,"href":"https:\/\/www.fleurop-home.ch\/fr-ch\/wp-json\/wp\/v2\/media\/52174"}],"wp:attachment":[{"href":"https:\/\/www.fleurop-home.ch\/fr-ch\/wp-json\/wp\/v2\/media?parent=6344"}],"wp:term":[{"taxonomy":"product_brand","embeddable":true,"href":"https:\/\/www.fleurop-home.ch\/fr-ch\/wp-json\/wp\/v2\/product_brand?post=6344"},{"taxonomy":"product_cat","embeddable":true,"href":"https:\/\/www.fleurop-home.ch\/fr-ch\/wp-json\/wp\/v2\/product_cat?post=6344"},{"taxonomy":"product_tag","embeddable":true,"href":"https:\/\/www.fleurop-home.ch\/fr-ch\/wp-json\/wp\/v2\/product_tag?post=6344"},{"taxonomy":"woo-feed-brand","embeddable":true,"href":"https:\/\/www.fleurop-home.ch\/fr-ch\/wp-json\/wp\/v2\/woo-feed-brand?post=6344"}],"curies":[{"name":"wp","href":"https:\/\/api.w.org\/{rel}","templated":true}]}}