{"id":63293,"date":"2025-09-15T12:25:04","date_gmt":"2025-09-15T10:25:04","guid":{"rendered":"https:\/\/www.fleurop-home.ch\/fr-ch\/?post_type=product&#038;p=63293"},"modified":"2026-02-24T13:20:57","modified_gmt":"2026-02-24T12:20:57","slug":"petit-mais-costaud","status":"publish","type":"product","link":"https:\/\/www.fleurop-home.ch\/fr-ch\/p\/klein-aber-fein","title":{"rendered":"Petite, mais raffin\u00e9e"},"content":{"rendered":"<p>Un joli petit bouquet qui embellira ta maison ou qui sera id\u00e9al comme cadeau pour tes amis et ta famille. Ce bouquet 100 % naturel durera plusieurs ann\u00e9es et fera plaisir \u00e0 coup s\u00fbr.<\/p>","protected":false},"excerpt":{"rendered":"<p>Le petit bouquet se compose d'une rose saumon clair et de plantes stabilis\u00e9es s\u00e9ch\u00e9es. Les fleurs s\u00e9ch\u00e9es peuvent diff\u00e9rer de la photo.<\/p>","protected":false},"featured_media":63300,"template":"","meta":[],"product_brand":[],"product_cat":[102,23,26,1247],"product_tag":[1135],"woo-feed-brand":[],"class_list":{"0":"post-63293","1":"product","2":"type-product","3":"status-publish","4":"has-post-thumbnail","6":"product_cat-infinity-rosen","7":"product_cat-home-living","8":"product_cat-blumen-pflanzen","9":"product_cat-sale","10":"product_tag-mon-reve-fleuri","12":"first","13":"instock","14":"sale","15":"taxable","16":"shipping-taxable","17":"purchasable","18":"product-type-simple"},"_links":{"self":[{"href":"https:\/\/www.fleurop-home.ch\/fr-ch\/wp-json\/wp\/v2\/product\/63293","targetHints":{"allow":["GET"]}}],"collection":[{"href":"https:\/\/www.fleurop-home.ch\/fr-ch\/wp-json\/wp\/v2\/product"}],"about":[{"href":"https:\/\/www.fleurop-home.ch\/fr-ch\/wp-json\/wp\/v2\/types\/product"}],"wp:featuredmedia":[{"embeddable":true,"href":"https:\/\/www.fleurop-home.ch\/fr-ch\/wp-json\/wp\/v2\/media\/63300"}],"wp:attachment":[{"href":"https:\/\/www.fleurop-home.ch\/fr-ch\/wp-json\/wp\/v2\/media?parent=63293"}],"wp:term":[{"taxonomy":"product_brand","embeddable":true,"href":"https:\/\/www.fleurop-home.ch\/fr-ch\/wp-json\/wp\/v2\/product_brand?post=63293"},{"taxonomy":"product_cat","embeddable":true,"href":"https:\/\/www.fleurop-home.ch\/fr-ch\/wp-json\/wp\/v2\/product_cat?post=63293"},{"taxonomy":"product_tag","embeddable":true,"href":"https:\/\/www.fleurop-home.ch\/fr-ch\/wp-json\/wp\/v2\/product_tag?post=63293"},{"taxonomy":"woo-feed-brand","embeddable":true,"href":"https:\/\/www.fleurop-home.ch\/fr-ch\/wp-json\/wp\/v2\/woo-feed-brand?post=63293"}],"curies":[{"name":"wp","href":"https:\/\/api.w.org\/{rel}","templated":true}]}}